{"id":22961,"date":"2026-04-01T11:10:30","date_gmt":"2026-04-01T11:10:30","guid":{"rendered":"https:\/\/healthentia.com\/soins-a-domicile\/"},"modified":"2026-04-01T11:10:30","modified_gmt":"2026-04-01T11:10:30","slug":"soins-a-domicile","status":"publish","type":"page","link":"https:\/\/healthentia.com\/fr\/soins-a-domicile\/","title":{"rendered":"Soins \u00e0 domicile"},"content":{"rendered":"","protected":false},"excerpt":{"rendered":"","protected":false},"author":1,"featured_media":0,"parent":0,"menu_order":0,"comment_status":"closed","ping_status":"closed","template":"","meta":{"footnotes":""},"class_list":["post-22961","page","type-page","status-publish","hentry"],"yoast_head":"<!-- This site is optimized with the Yoast SEO plugin v27.4 - https:\/\/yoast.com\/product\/yoast-seo-wordpress\/ -->\n<title>Soins \u00e0 domicile - Healthentia<\/title>\n<meta name=\"description\" content=\"\u00c9tendez la surveillance de niveau clinique au domicile gr\u00e2ce \u00e0 une plateforme qui tient les soignants inform\u00e9s, d\u00e9tecte pr\u00e9cocement toute d\u00e9t\u00e9rioration et permet une prise en charge proactive et \u00e9volutive entre les consultations.\" \/>\n<meta name=\"robots\" content=\"index, follow, max-snippet:-1, max-image-preview:large, max-video-preview:-1\" \/>\n<link rel=\"canonical\" href=\"https:\/\/healthentia.com\/fr\/soins-a-domicile\/\" \/>\n<meta property=\"og:locale\" content=\"fr_FR\" \/>\n<meta property=\"og:type\" content=\"article\" \/>\n<meta property=\"og:title\" content=\"Soins \u00e0 domicile - Healthentia\" \/>\n<meta property=\"og:description\" content=\"\u00c9tendez la surveillance de niveau clinique au domicile gr\u00e2ce \u00e0 une plateforme qui tient les soignants inform\u00e9s, d\u00e9tecte pr\u00e9cocement toute d\u00e9t\u00e9rioration et permet une prise en charge proactive et \u00e9volutive entre les consultations.\" \/>\n<meta property=\"og:url\" content=\"https:\/\/healthentia.com\/fr\/soins-a-domicile\/\" \/>\n<meta property=\"og:site_name\" content=\"Healthentia\" \/>\n<meta name=\"twitter:card\" content=\"summary_large_image\" \/>\n<script type=\"application\/ld+json\" class=\"yoast-schema-graph\">{\"@context\":\"https:\\\/\\\/schema.org\",\"@graph\":[{\"@type\":\"WebPage\",\"@id\":\"https:\\\/\\\/healthentia.com\\\/fr\\\/soins-a-domicile\\\/\",\"url\":\"https:\\\/\\\/healthentia.com\\\/fr\\\/soins-a-domicile\\\/\",\"name\":\"Soins \u00e0 domicile - Healthentia\",\"isPartOf\":{\"@id\":\"https:\\\/\\\/healthentia.com\\\/fr\\\/#website\"},\"datePublished\":\"2026-04-01T11:10:30+00:00\",\"description\":\"\u00c9tendez la surveillance de niveau clinique au domicile gr\u00e2ce \u00e0 une plateforme qui tient les soignants inform\u00e9s, d\u00e9tecte pr\u00e9cocement toute d\u00e9t\u00e9rioration et permet une prise en charge proactive et \u00e9volutive entre les consultations.\",\"breadcrumb\":{\"@id\":\"https:\\\/\\\/healthentia.com\\\/fr\\\/soins-a-domicile\\\/#breadcrumb\"},\"inLanguage\":\"fr-FR\",\"potentialAction\":[{\"@type\":\"ReadAction\",\"target\":[\"https:\\\/\\\/healthentia.com\\\/fr\\\/soins-a-domicile\\\/\"]}]},{\"@type\":\"BreadcrumbList\",\"@id\":\"https:\\\/\\\/healthentia.com\\\/fr\\\/soins-a-domicile\\\/#breadcrumb\",\"itemListElement\":[{\"@type\":\"ListItem\",\"position\":1,\"name\":\"Home\",\"item\":\"https:\\\/\\\/healthentia.com\\\/fr\\\/\"},{\"@type\":\"ListItem\",\"position\":2,\"name\":\"Soins \u00e0 domicile\"}]},{\"@type\":\"WebSite\",\"@id\":\"https:\\\/\\\/healthentia.com\\\/fr\\\/#website\",\"url\":\"https:\\\/\\\/healthentia.com\\\/fr\\\/\",\"name\":\"Healthentia\",\"description\":\"\",\"publisher\":{\"@id\":\"https:\\\/\\\/healthentia.com\\\/fr\\\/#organization\"},\"potentialAction\":[{\"@type\":\"SearchAction\",\"target\":{\"@type\":\"EntryPoint\",\"urlTemplate\":\"https:\\\/\\\/healthentia.com\\\/fr\\\/?s={search_term_string}\"},\"query-input\":{\"@type\":\"PropertyValueSpecification\",\"valueRequired\":true,\"valueName\":\"search_term_string\"}}],\"inLanguage\":\"fr-FR\"},{\"@type\":\"Organization\",\"@id\":\"https:\\\/\\\/healthentia.com\\\/fr\\\/#organization\",\"name\":\"Healthentia\",\"url\":\"https:\\\/\\\/healthentia.com\\\/fr\\\/\",\"logo\":{\"@type\":\"ImageObject\",\"inLanguage\":\"fr-FR\",\"@id\":\"https:\\\/\\\/healthentia.com\\\/fr\\\/#\\\/schema\\\/logo\\\/image\\\/\",\"url\":\"https:\\\/\\\/healthentia.com\\\/wp-content\\\/uploads\\\/2019\\\/01\\\/cropped-cropped-cropped-logo_healthentia_transp-e1740146374322.png\",\"contentUrl\":\"https:\\\/\\\/healthentia.com\\\/wp-content\\\/uploads\\\/2019\\\/01\\\/cropped-cropped-cropped-logo_healthentia_transp-e1740146374322.png\",\"width\":400,\"height\":82,\"caption\":\"Healthentia\"},\"image\":{\"@id\":\"https:\\\/\\\/healthentia.com\\\/fr\\\/#\\\/schema\\\/logo\\\/image\\\/\"}}]}<\/script>\n<!-- \/ Yoast SEO plugin. -->","yoast_head_json":{"title":"Soins \u00e0 domicile - Healthentia","description":"\u00c9tendez la surveillance de niveau clinique au domicile gr\u00e2ce \u00e0 une plateforme qui tient les soignants inform\u00e9s, d\u00e9tecte pr\u00e9cocement toute d\u00e9t\u00e9rioration et permet une prise en charge proactive et \u00e9volutive entre les consultations.","robots":{"index":"index","follow":"follow","max-snippet":"max-snippet:-1","max-image-preview":"max-image-preview:large","max-video-preview":"max-video-preview:-1"},"canonical":"https:\/\/healthentia.com\/fr\/soins-a-domicile\/","og_locale":"fr_FR","og_type":"article","og_title":"Soins \u00e0 domicile - Healthentia","og_description":"\u00c9tendez la surveillance de niveau clinique au domicile gr\u00e2ce \u00e0 une plateforme qui tient les soignants inform\u00e9s, d\u00e9tecte pr\u00e9cocement toute d\u00e9t\u00e9rioration et permet une prise en charge proactive et \u00e9volutive entre les consultations.","og_url":"https:\/\/healthentia.com\/fr\/soins-a-domicile\/","og_site_name":"Healthentia","twitter_card":"summary_large_image","schema":{"@context":"https:\/\/schema.org","@graph":[{"@type":"WebPage","@id":"https:\/\/healthentia.com\/fr\/soins-a-domicile\/","url":"https:\/\/healthentia.com\/fr\/soins-a-domicile\/","name":"Soins \u00e0 domicile - Healthentia","isPartOf":{"@id":"https:\/\/healthentia.com\/fr\/#website"},"datePublished":"2026-04-01T11:10:30+00:00","description":"\u00c9tendez la surveillance de niveau clinique au domicile gr\u00e2ce \u00e0 une plateforme qui tient les soignants inform\u00e9s, d\u00e9tecte pr\u00e9cocement toute d\u00e9t\u00e9rioration et permet une prise en charge proactive et \u00e9volutive entre les consultations.","breadcrumb":{"@id":"https:\/\/healthentia.com\/fr\/soins-a-domicile\/#breadcrumb"},"inLanguage":"fr-FR","potentialAction":[{"@type":"ReadAction","target":["https:\/\/healthentia.com\/fr\/soins-a-domicile\/"]}]},{"@type":"BreadcrumbList","@id":"https:\/\/healthentia.com\/fr\/soins-a-domicile\/#breadcrumb","itemListElement":[{"@type":"ListItem","position":1,"name":"Home","item":"https:\/\/healthentia.com\/fr\/"},{"@type":"ListItem","position":2,"name":"Soins \u00e0 domicile"}]},{"@type":"WebSite","@id":"https:\/\/healthentia.com\/fr\/#website","url":"https:\/\/healthentia.com\/fr\/","name":"Healthentia","description":"","publisher":{"@id":"https:\/\/healthentia.com\/fr\/#organization"},"potentialAction":[{"@type":"SearchAction","target":{"@type":"EntryPoint","urlTemplate":"https:\/\/healthentia.com\/fr\/?s={search_term_string}"},"query-input":{"@type":"PropertyValueSpecification","valueRequired":true,"valueName":"search_term_string"}}],"inLanguage":"fr-FR"},{"@type":"Organization","@id":"https:\/\/healthentia.com\/fr\/#organization","name":"Healthentia","url":"https:\/\/healthentia.com\/fr\/","logo":{"@type":"ImageObject","inLanguage":"fr-FR","@id":"https:\/\/healthentia.com\/fr\/#\/schema\/logo\/image\/","url":"https:\/\/healthentia.com\/wp-content\/uploads\/2019\/01\/cropped-cropped-cropped-logo_healthentia_transp-e1740146374322.png","contentUrl":"https:\/\/healthentia.com\/wp-content\/uploads\/2019\/01\/cropped-cropped-cropped-logo_healthentia_transp-e1740146374322.png","width":400,"height":82,"caption":"Healthentia"},"image":{"@id":"https:\/\/healthentia.com\/fr\/#\/schema\/logo\/image\/"}}]}},"jetpack_sharing_enabled":true,"_links":{"self":[{"href":"https:\/\/healthentia.com\/fr\/wp-json\/wp\/v2\/pages\/22961","targetHints":{"allow":["GET"]}}],"collection":[{"href":"https:\/\/healthentia.com\/fr\/wp-json\/wp\/v2\/pages"}],"about":[{"href":"https:\/\/healthentia.com\/fr\/wp-json\/wp\/v2\/types\/page"}],"author":[{"embeddable":true,"href":"https:\/\/healthentia.com\/fr\/wp-json\/wp\/v2\/users\/1"}],"replies":[{"embeddable":true,"href":"https:\/\/healthentia.com\/fr\/wp-json\/wp\/v2\/comments?post=22961"}],"version-history":[{"count":0,"href":"https:\/\/healthentia.com\/fr\/wp-json\/wp\/v2\/pages\/22961\/revisions"}],"wp:attachment":[{"href":"https:\/\/healthentia.com\/fr\/wp-json\/wp\/v2\/media?parent=22961"}],"curies":[{"name":"wp","href":"https:\/\/api.w.org\/{rel}","templated":true}]}}