{"id":22015,"date":"2022-04-29T11:26:48","date_gmt":"2022-04-29T11:26:48","guid":{"rendered":"https:\/\/healthentia.com\/reglementaire\/"},"modified":"2025-06-16T09:20:19","modified_gmt":"2025-06-16T09:20:19","slug":"reglementaire","status":"publish","type":"page","link":"https:\/\/healthentia.com\/fr\/reglementaire\/","title":{"rendered":"R\u00e9glementaire"},"content":{"rendered":"","protected":false},"excerpt":{"rendered":"","protected":false},"author":1,"featured_media":0,"parent":0,"menu_order":0,"comment_status":"closed","ping_status":"closed","template":"","meta":{"footnotes":""},"class_list":["post-22015","page","type-page","status-publish","hentry"],"yoast_head":"<!-- This site is optimized with the Yoast SEO plugin v27.2 - https:\/\/yoast.com\/product\/yoast-seo-wordpress\/ -->\n<title>R\u00e9glementaire - Healthentia<\/title>\n<meta name=\"description\" content=\"D\u00e9couvrez l\u2019historique des versions de Healthentia avec des notes de mise \u00e0 jour d\u00e9taill\u00e9es, des notices d\u2019utilisation multilingues (IFU) et les dates de mise \u00e0 jour de notre logiciel certifi\u00e9 SaMD de classe IIa.\" \/>\n<meta name=\"robots\" content=\"index, follow, max-snippet:-1, max-image-preview:large, max-video-preview:-1\" \/>\n<link rel=\"canonical\" href=\"https:\/\/healthentia.com\/fr\/reglementaire\/\" \/>\n<meta property=\"og:locale\" content=\"fr_FR\" \/>\n<meta property=\"og:type\" content=\"article\" \/>\n<meta property=\"og:title\" content=\"R\u00e9glementaire - Healthentia\" \/>\n<meta property=\"og:description\" content=\"D\u00e9couvrez l\u2019historique des versions de Healthentia avec des notes de mise \u00e0 jour d\u00e9taill\u00e9es, des notices d\u2019utilisation multilingues (IFU) et les dates de mise \u00e0 jour de notre logiciel certifi\u00e9 SaMD de classe IIa.\" \/>\n<meta property=\"og:url\" content=\"https:\/\/healthentia.com\/fr\/reglementaire\/\" \/>\n<meta property=\"og:site_name\" content=\"Healthentia\" \/>\n<meta property=\"article:modified_time\" content=\"2025-06-16T09:20:19+00:00\" \/>\n<meta name=\"twitter:card\" content=\"summary_large_image\" \/>\n<meta name=\"twitter:label1\" content=\"Dur\u00e9e de lecture estim\u00e9e\" \/>\n\t<meta name=\"twitter:data1\" content=\"3 minutes\" \/>\n<script type=\"application\/ld+json\" class=\"yoast-schema-graph\">{\"@context\":\"https:\/\/schema.org\",\"@graph\":[{\"@type\":\"WebPage\",\"@id\":\"https:\/\/healthentia.com\/fr\/reglementaire\/\",\"url\":\"https:\/\/healthentia.com\/fr\/reglementaire\/\",\"name\":\"R\u00e9glementaire - Healthentia\",\"isPartOf\":{\"@id\":\"https:\/\/healthentia.com\/fr\/#website\"},\"datePublished\":\"2022-04-29T11:26:48+00:00\",\"dateModified\":\"2025-06-16T09:20:19+00:00\",\"description\":\"D\u00e9couvrez l\u2019historique des versions de Healthentia avec des notes de mise \u00e0 jour d\u00e9taill\u00e9es, des notices d\u2019utilisation multilingues (IFU) et les dates de mise \u00e0 jour de notre logiciel certifi\u00e9 SaMD de classe IIa.\",\"breadcrumb\":{\"@id\":\"https:\/\/healthentia.com\/fr\/reglementaire\/#breadcrumb\"},\"inLanguage\":\"fr-FR\",\"potentialAction\":[{\"@type\":\"ReadAction\",\"target\":[\"https:\/\/healthentia.com\/fr\/reglementaire\/\"]}]},{\"@type\":\"BreadcrumbList\",\"@id\":\"https:\/\/healthentia.com\/fr\/reglementaire\/#breadcrumb\",\"itemListElement\":[{\"@type\":\"ListItem\",\"position\":1,\"name\":\"Home\",\"item\":\"https:\/\/healthentia.com\/fr\/\"},{\"@type\":\"ListItem\",\"position\":2,\"name\":\"R\u00e9glementaire\"}]},{\"@type\":\"WebSite\",\"@id\":\"https:\/\/healthentia.com\/fr\/#website\",\"url\":\"https:\/\/healthentia.com\/fr\/\",\"name\":\"Healthentia\",\"description\":\"\",\"publisher\":{\"@id\":\"https:\/\/healthentia.com\/fr\/#organization\"},\"potentialAction\":[{\"@type\":\"SearchAction\",\"target\":{\"@type\":\"EntryPoint\",\"urlTemplate\":\"https:\/\/healthentia.com\/fr\/?s={search_term_string}\"},\"query-input\":{\"@type\":\"PropertyValueSpecification\",\"valueRequired\":true,\"valueName\":\"search_term_string\"}}],\"inLanguage\":\"fr-FR\"},{\"@type\":\"Organization\",\"@id\":\"https:\/\/healthentia.com\/fr\/#organization\",\"name\":\"Healthentia\",\"url\":\"https:\/\/healthentia.com\/fr\/\",\"logo\":{\"@type\":\"ImageObject\",\"inLanguage\":\"fr-FR\",\"@id\":\"https:\/\/healthentia.com\/fr\/#\/schema\/logo\/image\/\",\"url\":\"https:\/\/healthentia.com\/wp-content\/uploads\/2019\/01\/cropped-cropped-cropped-logo_healthentia_transp-e1740146374322.png\",\"contentUrl\":\"https:\/\/healthentia.com\/wp-content\/uploads\/2019\/01\/cropped-cropped-cropped-logo_healthentia_transp-e1740146374322.png\",\"width\":400,\"height\":82,\"caption\":\"Healthentia\"},\"image\":{\"@id\":\"https:\/\/healthentia.com\/fr\/#\/schema\/logo\/image\/\"}}]}<\/script>\n<!-- \/ Yoast SEO plugin. -->","yoast_head_json":{"title":"R\u00e9glementaire - Healthentia","description":"D\u00e9couvrez l\u2019historique des versions de Healthentia avec des notes de mise \u00e0 jour d\u00e9taill\u00e9es, des notices d\u2019utilisation multilingues (IFU) et les dates de mise \u00e0 jour de notre logiciel certifi\u00e9 SaMD de classe IIa.","robots":{"index":"index","follow":"follow","max-snippet":"max-snippet:-1","max-image-preview":"max-image-preview:large","max-video-preview":"max-video-preview:-1"},"canonical":"https:\/\/healthentia.com\/fr\/reglementaire\/","og_locale":"fr_FR","og_type":"article","og_title":"R\u00e9glementaire - Healthentia","og_description":"D\u00e9couvrez l\u2019historique des versions de Healthentia avec des notes de mise \u00e0 jour d\u00e9taill\u00e9es, des notices d\u2019utilisation multilingues (IFU) et les dates de mise \u00e0 jour de notre logiciel certifi\u00e9 SaMD de classe IIa.","og_url":"https:\/\/healthentia.com\/fr\/reglementaire\/","og_site_name":"Healthentia","article_modified_time":"2025-06-16T09:20:19+00:00","twitter_card":"summary_large_image","twitter_misc":{"Dur\u00e9e de lecture estim\u00e9e":"3 minutes"},"schema":{"@context":"https:\/\/schema.org","@graph":[{"@type":"WebPage","@id":"https:\/\/healthentia.com\/fr\/reglementaire\/","url":"https:\/\/healthentia.com\/fr\/reglementaire\/","name":"R\u00e9glementaire - Healthentia","isPartOf":{"@id":"https:\/\/healthentia.com\/fr\/#website"},"datePublished":"2022-04-29T11:26:48+00:00","dateModified":"2025-06-16T09:20:19+00:00","description":"D\u00e9couvrez l\u2019historique des versions de Healthentia avec des notes de mise \u00e0 jour d\u00e9taill\u00e9es, des notices d\u2019utilisation multilingues (IFU) et les dates de mise \u00e0 jour de notre logiciel certifi\u00e9 SaMD de classe IIa.","breadcrumb":{"@id":"https:\/\/healthentia.com\/fr\/reglementaire\/#breadcrumb"},"inLanguage":"fr-FR","potentialAction":[{"@type":"ReadAction","target":["https:\/\/healthentia.com\/fr\/reglementaire\/"]}]},{"@type":"BreadcrumbList","@id":"https:\/\/healthentia.com\/fr\/reglementaire\/#breadcrumb","itemListElement":[{"@type":"ListItem","position":1,"name":"Home","item":"https:\/\/healthentia.com\/fr\/"},{"@type":"ListItem","position":2,"name":"R\u00e9glementaire"}]},{"@type":"WebSite","@id":"https:\/\/healthentia.com\/fr\/#website","url":"https:\/\/healthentia.com\/fr\/","name":"Healthentia","description":"","publisher":{"@id":"https:\/\/healthentia.com\/fr\/#organization"},"potentialAction":[{"@type":"SearchAction","target":{"@type":"EntryPoint","urlTemplate":"https:\/\/healthentia.com\/fr\/?s={search_term_string}"},"query-input":{"@type":"PropertyValueSpecification","valueRequired":true,"valueName":"search_term_string"}}],"inLanguage":"fr-FR"},{"@type":"Organization","@id":"https:\/\/healthentia.com\/fr\/#organization","name":"Healthentia","url":"https:\/\/healthentia.com\/fr\/","logo":{"@type":"ImageObject","inLanguage":"fr-FR","@id":"https:\/\/healthentia.com\/fr\/#\/schema\/logo\/image\/","url":"https:\/\/healthentia.com\/wp-content\/uploads\/2019\/01\/cropped-cropped-cropped-logo_healthentia_transp-e1740146374322.png","contentUrl":"https:\/\/healthentia.com\/wp-content\/uploads\/2019\/01\/cropped-cropped-cropped-logo_healthentia_transp-e1740146374322.png","width":400,"height":82,"caption":"Healthentia"},"image":{"@id":"https:\/\/healthentia.com\/fr\/#\/schema\/logo\/image\/"}}]}},"jetpack_sharing_enabled":true,"_links":{"self":[{"href":"https:\/\/healthentia.com\/fr\/wp-json\/wp\/v2\/pages\/22015","targetHints":{"allow":["GET"]}}],"collection":[{"href":"https:\/\/healthentia.com\/fr\/wp-json\/wp\/v2\/pages"}],"about":[{"href":"https:\/\/healthentia.com\/fr\/wp-json\/wp\/v2\/types\/page"}],"author":[{"embeddable":true,"href":"https:\/\/healthentia.com\/fr\/wp-json\/wp\/v2\/users\/1"}],"replies":[{"embeddable":true,"href":"https:\/\/healthentia.com\/fr\/wp-json\/wp\/v2\/comments?post=22015"}],"version-history":[{"count":1,"href":"https:\/\/healthentia.com\/fr\/wp-json\/wp\/v2\/pages\/22015\/revisions"}],"predecessor-version":[{"id":22131,"href":"https:\/\/healthentia.com\/fr\/wp-json\/wp\/v2\/pages\/22015\/revisions\/22131"}],"wp:attachment":[{"href":"https:\/\/healthentia.com\/fr\/wp-json\/wp\/v2\/media?parent=22015"}],"curies":[{"name":"wp","href":"https:\/\/api.w.org\/{rel}","templated":true}]}}