{"id":22010,"date":"2025-02-25T15:13:50","date_gmt":"2025-02-25T15:13:50","guid":{"rendered":"https:\/\/healthentia.com\/dispositif-medical-v4-classe-iia-mdr\/v4-releases-ifus\/"},"modified":"2026-03-20T11:54:48","modified_gmt":"2026-03-20T11:54:48","slug":"v4-releases-ifus","status":"publish","type":"page","link":"https:\/\/healthentia.com\/fr\/dispositif-medical-v4-classe-iia-mdr\/v4-releases-ifus\/","title":{"rendered":"v4 Releases &amp; IFUs"},"content":{"rendered":"<div class=\"vgblk-rw-wrapper limit-wrapper\">\n\n\t<strong>Version papier de l&rsquo;IFU<\/strong>: si vous souhaitez obtenir une version papier du mode d&#8217;emploi, veuillez contacter le fabricant \u00e0 l&rsquo;adresse \u00e9lectronique suivante : <a href=\"mailto:info@healthentia.com\">info@healthentia.com.<\/a><br \/>\n<em>. Elle sera livr\u00e9e dans les 7 jours calendaires suivant la r\u00e9ception de la demande.<\/em>\n\t<p>Le tableau suivant pr\u00e9sente les instructions d&rsquo;utilisation applicables \u00e0 toutes les versions logicielles actuelles de Healthentia v4:<\/p>\n<table width=\"942\">\n<tbody>\n<tr>\n<td rowspan=\"2\" width=\"224\"><strong>Healthentia version<\/strong><\/td>\n<td colspan=\"2\" width=\"460\"><strong>Instructions d&rsquo;utilisation<\/strong><strong> (IFUs)<\/strong><\/td>\n<\/tr>\n<tr>\n<td width=\"266\"><strong>Patientes<\/strong><\/td>\n<td width=\"194\"><strong>Professionnels de la sant\u00e9<\/strong><\/td>\n<\/tr>\n<tr>\n<td width=\"224\">&nbsp;\n<p>&nbsp;<\/p>\n<p>&nbsp;<\/p>\n<p>&nbsp;<\/p>\n<p>&nbsp;<\/p>\n<p>&nbsp;<\/p>\n<p>v4<\/p>\n<\/td>\n<td width=\"266\"><a href=\"https:\/\/healthentia.com\/wp-content\/uploads\/2026\/03\/IFU-PAT_EN_Healthentia_v4v2.6.pdf\">English<\/a>\n<p><a href=\"https:\/\/healthentia.com\/wp-content\/uploads\/2026\/03\/IFU-PAT_DE_Healthentia_v4v2.pdf\">German<\/a><\/p>\n<p><a href=\"https:\/\/healthentia.com\/wp-content\/uploads\/2026\/03\/IFU-PAT_FR_Healthentia_v4v2.pdf\">French<\/a><\/p>\n<p><a href=\"https:\/\/healthentia.com\/wp-content\/uploads\/2026\/03\/IFU-PAT_NL_Healthentia_v4v2.pdf\">Dutch<\/a><\/p>\n<p><a href=\"https:\/\/healthentia.com\/wp-content\/uploads\/2026\/03\/IFU-PAT_IT_Healthentia_v4v1.pdf\">Italian<\/a><\/p>\n<p><a href=\"https:\/\/healthentia.com\/wp-content\/uploads\/2026\/03\/IFU-PAT_EL_Healthentia_v4v1.pdf\">Greek<\/a><\/p>\n<p><a href=\"https:\/\/healthentia.com\/wp-content\/uploads\/2026\/03\/IFU-PAT_ES_Healthentia_v4v1.pdf\">Spanish<\/a><\/p>\n<p><a href=\"https:\/\/healthentia.com\/wp-content\/uploads\/2026\/03\/IFU-PAT_BU_Healthentia_v4v1.pdf\">Bulgarian<\/a><\/p>\n<p><a href=\"https:\/\/healthentia.com\/wp-content\/uploads\/2026\/03\/IFU-PAT_RO_Healthentia_v4v1.pdf\">Romanian<\/a><\/p>\n<p><a href=\"https:\/\/healthentia.com\/wp-content\/uploads\/2026\/03\/IFU-PAT_FR-NL-DE_Healthentia_v4v2.pdf\">French-Dutch-German<\/a><\/p>\n<p><a href=\"https:\/\/healthentia.com\/wp-content\/uploads\/2026\/03\/IFU-PAT_LT_Healthentia_v4v1.pdf\">Lithuanian<\/a><\/p>\n<p><a href=\"https:\/\/healthentia.com\/wp-content\/uploads\/2026\/03\/IFU-PAT_PT_Healthentia_v4v1.pdf\">Portuguese<\/a><\/p>\n<a href=\"https:\/\/healthentia.com\/wp-content\/uploads\/2026\/03\/IFU-PAT_SI_Healthentia_v4v1.pdf\">Slovenian<\/a><\/td>\n<td width=\"194\">\n<p><a href=\"https:\/\/healthentia.com\/wp-content\/uploads\/2026\/03\/IFU-INV_EN_Healthentia_v4v2.6.pdf\">English<\/a><\/p>\n<p><a href=\"https:\/\/healthentia.com\/wp-content\/uploads\/2026\/03\/IFU-INV_DE_Healthentia_v4v2.pdf\">German<\/a><\/p>\n<p><a href=\"https:\/\/healthentia.com\/wp-content\/uploads\/2026\/03\/IFU-INV_FR_Healthentia_v4v2.pdf\">French<\/a><\/p>\n<p><a href=\"https:\/\/healthentia.com\/wp-content\/uploads\/2026\/03\/IFU-INV_NL_Healthentia_v4v2.pdf\">Dutch<\/a><\/p>\n<p><a href=\"https:\/\/healthentia.com\/wp-content\/uploads\/2026\/03\/IFU-INV_IT_Healthentia_v4v1.pdf\">Italian<\/a><\/p>\n<p><a href=\"https:\/\/healthentia.com\/wp-content\/uploads\/2026\/03\/IFU-INV_EL_Healthentia_v4v1.pdf\">Greek<\/a><\/p>\n<p><a href=\"https:\/\/healthentia.com\/wp-content\/uploads\/2026\/03\/IFU-INV_ES_Healthentia_v4v1.pdf\">Spanish<\/a><\/p>\n<p><a href=\"https:\/\/healthentia.com\/wp-content\/uploads\/2026\/03\/IFU-INV_BU_Healthentia_v4v1.pdf\">Bulgarian<\/a><\/p>\n<p><a href=\"https:\/\/healthentia.com\/wp-content\/uploads\/2026\/03\/IFU-INV_RO_Healthentia_v4v1.pdf\">Romanian<\/a><\/p>\n<p><a href=\"https:\/\/healthentia.com\/wp-content\/uploads\/2026\/03\/IFU-INV_LT_Healthentia_v4v1.pdf\">Lithuanian<\/a><\/p>\n<p><a href=\"https:\/\/healthentia.com\/wp-content\/uploads\/2026\/03\/IFU-INV_PT_Healthentia_v4v1.pdf\">Portuguese<\/a><\/p>\n<p><a href=\"https:\/\/healthentia.com\/wp-content\/uploads\/2026\/03\/IFU-INV_SI_Healthentia_v4v1.pdf\">Slovenian<\/a><\/p>\n<\/td>\n<\/tr>\n<\/tbody>\n<\/table>\n\n<\/div><!-- .vgblk-rw-wrapper -->","protected":false},"excerpt":{"rendered":"<p>Version papier de l&rsquo;IFU: si vous souhaitez obtenir une version papier du mode d&#8217;emploi, veuillez contacter le fabricant \u00e0 l&rsquo;adresse \u00e9lectronique suivante : info@healthentia.com. . Elle sera livr\u00e9e dans les 7 jours calendaires suivant la r\u00e9ception de la demande. Le tableau suivant pr\u00e9sente les instructions d&rsquo;utilisation applicables \u00e0 toutes les versions logicielles actuelles de Healthentia&#8230;<\/p>\n","protected":false},"author":2,"featured_media":0,"parent":21825,"menu_order":1,"comment_status":"closed","ping_status":"closed","template":"","meta":{"footnotes":""},"class_list":["post-22010","page","type-page","status-publish","hentry"],"yoast_head":"<!-- This site is optimized with the Yoast SEO plugin v27.2 - https:\/\/yoast.com\/product\/yoast-seo-wordpress\/ -->\n<title>v4 Releases &amp; IFUs - Healthentia<\/title>\n<meta name=\"description\" content=\"Explorez l\u2019historique des versions v4 de Healthentia, dispositif m\u00e9dical de classe IIa selon le r\u00e8glement MDR, avec des notes de mise \u00e0 jour d\u00e9taill\u00e9es, des notices d\u2019utilisation (IFU), des versions multilingues et les dates de mise \u00e0 jour logicielle, afin de faciliter la conformit\u00e9 r\u00e9glementaire.\" \/>\n<meta name=\"robots\" content=\"index, follow, max-snippet:-1, max-image-preview:large, max-video-preview:-1\" \/>\n<link rel=\"canonical\" href=\"https:\/\/healthentia.com\/fr\/dispositif-medical-v4-classe-iia-mdr\/v4-releases-ifus\/\" \/>\n<meta property=\"og:locale\" content=\"fr_FR\" \/>\n<meta property=\"og:type\" content=\"article\" \/>\n<meta property=\"og:title\" content=\"v4 Releases &amp; IFUs - Healthentia\" \/>\n<meta property=\"og:description\" content=\"Explorez l\u2019historique des versions v4 de Healthentia, dispositif m\u00e9dical de classe IIa selon le r\u00e8glement MDR, avec des notes de mise \u00e0 jour d\u00e9taill\u00e9es, des notices d\u2019utilisation (IFU), des versions multilingues et les dates de mise \u00e0 jour logicielle, afin de faciliter la conformit\u00e9 r\u00e9glementaire.\" \/>\n<meta property=\"og:url\" content=\"https:\/\/healthentia.com\/fr\/dispositif-medical-v4-classe-iia-mdr\/v4-releases-ifus\/\" \/>\n<meta property=\"og:site_name\" content=\"Healthentia\" \/>\n<meta property=\"article:modified_time\" content=\"2026-03-20T11:54:48+00:00\" \/>\n<meta name=\"twitter:card\" content=\"summary_large_image\" \/>\n<meta name=\"twitter:label1\" content=\"Dur\u00e9e de lecture estim\u00e9e\" \/>\n\t<meta name=\"twitter:data1\" content=\"1 minute\" \/>\n<script type=\"application\/ld+json\" class=\"yoast-schema-graph\">{\"@context\":\"https:\/\/schema.org\",\"@graph\":[{\"@type\":\"WebPage\",\"@id\":\"https:\/\/healthentia.com\/fr\/dispositif-medical-v4-classe-iia-mdr\/v4-releases-ifus\/\",\"url\":\"https:\/\/healthentia.com\/fr\/dispositif-medical-v4-classe-iia-mdr\/v4-releases-ifus\/\",\"name\":\"v4 Releases &amp; IFUs - Healthentia\",\"isPartOf\":{\"@id\":\"https:\/\/healthentia.com\/fr\/#website\"},\"datePublished\":\"2025-02-25T15:13:50+00:00\",\"dateModified\":\"2026-03-20T11:54:48+00:00\",\"description\":\"Explorez l\u2019historique des versions v4 de Healthentia, dispositif m\u00e9dical de classe IIa selon le r\u00e8glement MDR, avec des notes de mise \u00e0 jour d\u00e9taill\u00e9es, des notices d\u2019utilisation (IFU), des versions multilingues et les dates de mise \u00e0 jour logicielle, afin de faciliter la conformit\u00e9 r\u00e9glementaire.\",\"breadcrumb\":{\"@id\":\"https:\/\/healthentia.com\/fr\/dispositif-medical-v4-classe-iia-mdr\/v4-releases-ifus\/#breadcrumb\"},\"inLanguage\":\"fr-FR\",\"potentialAction\":[{\"@type\":\"ReadAction\",\"target\":[\"https:\/\/healthentia.com\/fr\/dispositif-medical-v4-classe-iia-mdr\/v4-releases-ifus\/\"]}]},{\"@type\":\"BreadcrumbList\",\"@id\":\"https:\/\/healthentia.com\/fr\/dispositif-medical-v4-classe-iia-mdr\/v4-releases-ifus\/#breadcrumb\",\"itemListElement\":[{\"@type\":\"ListItem\",\"position\":1,\"name\":\"Home\",\"item\":\"https:\/\/healthentia.com\/fr\/\"},{\"@type\":\"ListItem\",\"position\":2,\"name\":\"Dispositif m\u00e9dical v4 Classe IIa MDR\",\"item\":\"https:\/\/healthentia.com\/fr\/dispositif-medical-v4-classe-iia-mdr\/\"},{\"@type\":\"ListItem\",\"position\":3,\"name\":\"v4 Releases &amp; IFUs\"}]},{\"@type\":\"WebSite\",\"@id\":\"https:\/\/healthentia.com\/fr\/#website\",\"url\":\"https:\/\/healthentia.com\/fr\/\",\"name\":\"Healthentia\",\"description\":\"\",\"publisher\":{\"@id\":\"https:\/\/healthentia.com\/fr\/#organization\"},\"potentialAction\":[{\"@type\":\"SearchAction\",\"target\":{\"@type\":\"EntryPoint\",\"urlTemplate\":\"https:\/\/healthentia.com\/fr\/?s={search_term_string}\"},\"query-input\":{\"@type\":\"PropertyValueSpecification\",\"valueRequired\":true,\"valueName\":\"search_term_string\"}}],\"inLanguage\":\"fr-FR\"},{\"@type\":\"Organization\",\"@id\":\"https:\/\/healthentia.com\/fr\/#organization\",\"name\":\"Healthentia\",\"url\":\"https:\/\/healthentia.com\/fr\/\",\"logo\":{\"@type\":\"ImageObject\",\"inLanguage\":\"fr-FR\",\"@id\":\"https:\/\/healthentia.com\/fr\/#\/schema\/logo\/image\/\",\"url\":\"https:\/\/healthentia.com\/wp-content\/uploads\/2019\/01\/cropped-cropped-cropped-logo_healthentia_transp-e1740146374322.png\",\"contentUrl\":\"https:\/\/healthentia.com\/wp-content\/uploads\/2019\/01\/cropped-cropped-cropped-logo_healthentia_transp-e1740146374322.png\",\"width\":400,\"height\":82,\"caption\":\"Healthentia\"},\"image\":{\"@id\":\"https:\/\/healthentia.com\/fr\/#\/schema\/logo\/image\/\"}}]}<\/script>\n<!-- \/ Yoast SEO plugin. -->","yoast_head_json":{"title":"v4 Releases &amp; IFUs - Healthentia","description":"Explorez l\u2019historique des versions v4 de Healthentia, dispositif m\u00e9dical de classe IIa selon le r\u00e8glement MDR, avec des notes de mise \u00e0 jour d\u00e9taill\u00e9es, des notices d\u2019utilisation (IFU), des versions multilingues et les dates de mise \u00e0 jour logicielle, afin de faciliter la conformit\u00e9 r\u00e9glementaire.","robots":{"index":"index","follow":"follow","max-snippet":"max-snippet:-1","max-image-preview":"max-image-preview:large","max-video-preview":"max-video-preview:-1"},"canonical":"https:\/\/healthentia.com\/fr\/dispositif-medical-v4-classe-iia-mdr\/v4-releases-ifus\/","og_locale":"fr_FR","og_type":"article","og_title":"v4 Releases &amp; IFUs - Healthentia","og_description":"Explorez l\u2019historique des versions v4 de Healthentia, dispositif m\u00e9dical de classe IIa selon le r\u00e8glement MDR, avec des notes de mise \u00e0 jour d\u00e9taill\u00e9es, des notices d\u2019utilisation (IFU), des versions multilingues et les dates de mise \u00e0 jour logicielle, afin de faciliter la conformit\u00e9 r\u00e9glementaire.","og_url":"https:\/\/healthentia.com\/fr\/dispositif-medical-v4-classe-iia-mdr\/v4-releases-ifus\/","og_site_name":"Healthentia","article_modified_time":"2026-03-20T11:54:48+00:00","twitter_card":"summary_large_image","twitter_misc":{"Dur\u00e9e de lecture estim\u00e9e":"1 minute"},"schema":{"@context":"https:\/\/schema.org","@graph":[{"@type":"WebPage","@id":"https:\/\/healthentia.com\/fr\/dispositif-medical-v4-classe-iia-mdr\/v4-releases-ifus\/","url":"https:\/\/healthentia.com\/fr\/dispositif-medical-v4-classe-iia-mdr\/v4-releases-ifus\/","name":"v4 Releases &amp; IFUs - Healthentia","isPartOf":{"@id":"https:\/\/healthentia.com\/fr\/#website"},"datePublished":"2025-02-25T15:13:50+00:00","dateModified":"2026-03-20T11:54:48+00:00","description":"Explorez l\u2019historique des versions v4 de Healthentia, dispositif m\u00e9dical de classe IIa selon le r\u00e8glement MDR, avec des notes de mise \u00e0 jour d\u00e9taill\u00e9es, des notices d\u2019utilisation (IFU), des versions multilingues et les dates de mise \u00e0 jour logicielle, afin de faciliter la conformit\u00e9 r\u00e9glementaire.","breadcrumb":{"@id":"https:\/\/healthentia.com\/fr\/dispositif-medical-v4-classe-iia-mdr\/v4-releases-ifus\/#breadcrumb"},"inLanguage":"fr-FR","potentialAction":[{"@type":"ReadAction","target":["https:\/\/healthentia.com\/fr\/dispositif-medical-v4-classe-iia-mdr\/v4-releases-ifus\/"]}]},{"@type":"BreadcrumbList","@id":"https:\/\/healthentia.com\/fr\/dispositif-medical-v4-classe-iia-mdr\/v4-releases-ifus\/#breadcrumb","itemListElement":[{"@type":"ListItem","position":1,"name":"Home","item":"https:\/\/healthentia.com\/fr\/"},{"@type":"ListItem","position":2,"name":"Dispositif m\u00e9dical v4 Classe IIa MDR","item":"https:\/\/healthentia.com\/fr\/dispositif-medical-v4-classe-iia-mdr\/"},{"@type":"ListItem","position":3,"name":"v4 Releases &amp; IFUs"}]},{"@type":"WebSite","@id":"https:\/\/healthentia.com\/fr\/#website","url":"https:\/\/healthentia.com\/fr\/","name":"Healthentia","description":"","publisher":{"@id":"https:\/\/healthentia.com\/fr\/#organization"},"potentialAction":[{"@type":"SearchAction","target":{"@type":"EntryPoint","urlTemplate":"https:\/\/healthentia.com\/fr\/?s={search_term_string}"},"query-input":{"@type":"PropertyValueSpecification","valueRequired":true,"valueName":"search_term_string"}}],"inLanguage":"fr-FR"},{"@type":"Organization","@id":"https:\/\/healthentia.com\/fr\/#organization","name":"Healthentia","url":"https:\/\/healthentia.com\/fr\/","logo":{"@type":"ImageObject","inLanguage":"fr-FR","@id":"https:\/\/healthentia.com\/fr\/#\/schema\/logo\/image\/","url":"https:\/\/healthentia.com\/wp-content\/uploads\/2019\/01\/cropped-cropped-cropped-logo_healthentia_transp-e1740146374322.png","contentUrl":"https:\/\/healthentia.com\/wp-content\/uploads\/2019\/01\/cropped-cropped-cropped-logo_healthentia_transp-e1740146374322.png","width":400,"height":82,"caption":"Healthentia"},"image":{"@id":"https:\/\/healthentia.com\/fr\/#\/schema\/logo\/image\/"}}]}},"jetpack_sharing_enabled":true,"_links":{"self":[{"href":"https:\/\/healthentia.com\/fr\/wp-json\/wp\/v2\/pages\/22010","targetHints":{"allow":["GET"]}}],"collection":[{"href":"https:\/\/healthentia.com\/fr\/wp-json\/wp\/v2\/pages"}],"about":[{"href":"https:\/\/healthentia.com\/fr\/wp-json\/wp\/v2\/types\/page"}],"author":[{"embeddable":true,"href":"https:\/\/healthentia.com\/fr\/wp-json\/wp\/v2\/users\/2"}],"replies":[{"embeddable":true,"href":"https:\/\/healthentia.com\/fr\/wp-json\/wp\/v2\/comments?post=22010"}],"version-history":[{"count":9,"href":"https:\/\/healthentia.com\/fr\/wp-json\/wp\/v2\/pages\/22010\/revisions"}],"predecessor-version":[{"id":22871,"href":"https:\/\/healthentia.com\/fr\/wp-json\/wp\/v2\/pages\/22010\/revisions\/22871"}],"up":[{"embeddable":true,"href":"https:\/\/healthentia.com\/fr\/wp-json\/wp\/v2\/pages\/21825"}],"wp:attachment":[{"href":"https:\/\/healthentia.com\/fr\/wp-json\/wp\/v2\/media?parent=22010"}],"curies":[{"name":"wp","href":"https:\/\/api.w.org\/{rel}","templated":true}]}}