{"id":21988,"date":"2024-10-04T14:56:48","date_gmt":"2024-10-04T14:56:48","guid":{"rendered":"https:\/\/healthentia.com\/security-policy\/"},"modified":"2025-06-16T09:48:47","modified_gmt":"2025-06-16T09:48:47","slug":"security-policy","status":"publish","type":"page","link":"https:\/\/healthentia.com\/fr\/security-policy\/","title":{"rendered":"Security Policy"},"content":{"rendered":"<div class=\"vgblk-rw-wrapper limit-wrapper\">&nbsp;<\/p>\n<p>&nbsp;<\/p>\n<p>Innovation Sprint SRL uses servers on cloud to store, process and share information, in the context of its business operations. The protection of information and information processing facilities is of strategic significance for the Company\u2019s short- and long-term objectives. The high Information Security performance of the provided services is aspired to stand as one of Innovation Sprint\u2019s competitive advantages.<\/p>\n<p>The Management, acknowledging the criticality of information and information systems for the execution of the Company\u2019s business processes, supports and promotes actions that safeguard the systems\u2019 normal operation. For this purpose, the Company has established an Information Security Policy aiming to:<\/p>\n<ul>\n<li>Ensure the confidentiality, availability and integrity of the information it processes\u037e<\/li>\n<li>Protect the data subjects\u2019 rights within the scope of its business operations\u037e<\/li>\n<li>Comply with the applicable legislative and regulatory requirements\u037e<\/li>\n<li>Promptly address incidents that may violate the Information Security\u037e<\/li>\n<\/ul>\n<p>&nbsp;<\/p>\n<p>At the same time, it adheres to procedures in the context of which the following are defined:<\/p>\n<ul>\n<li>Organizational structures that are required for monitoring issues related to Information Security\u037e<\/li>\n<li>Technical measures for controlling and restricting access to information and information systems\u037e<\/li>\n<li>A classification method for information based on its importance, criticality and value\u037e<\/li>\n<li>The necessary protection actions during the phases of information processing, storage and transfer\u037e<\/li>\n<li>Handling actions to be implemented in case of Information Security incidents\u037e<\/li>\n<li>Methods for ensuring the Company\u2019s business continuity in cases of information systems\u2019 failures or physical disasters.<\/li>\n<\/ul>\n<p>&nbsp;<\/p>\n<p>The Company conducts Information Security risk assessments on a regular basis and implements the required risk treatment measures. The effectiveness of Information Security procedures is evaluated at planned intervals or if significant changes occur, by defining performance indicators, describing their measurement methods and periodically reporting to the Company\u2019s Management for review, with the aim to further improve the Management System and ensure their continuing suitability, adequacy and effectiveness.<\/p>\n<p>The Information Security Officer is responsible for controlling and monitoring the Information Security policies and procedures as well as for undertaking the necessary initiatives to eliminate any factor that may jeopardize the availability, integrity and confidentiality of the Company\u2019s information.<\/p>\n<p>The Company\u2019s employees and partners with access to information and information processing systems are responsible for conforming to the rules of the applicable Corporate Information Security Policy.<\/p>\n<p>The Company\u2019s Management and employees are committed to the continuous improvement of the Integrated Management System.<\/p>\n<p>Last update of this policy: September 2024.<\/p><\/div>\n<p><!-- .vgblk-rw-wrapper --><\/p>\n","protected":false},"excerpt":{"rendered":"<p>&nbsp; &nbsp; Innovation Sprint SRL uses servers on cloud to store, process and share information, in the context of its business operations. The protection of information and information processing facilities is of strategic significance for the Company\u2019s short- and long-term objectives. The high Information Security performance of the provided services is aspired to stand as&#8230;<\/p>\n","protected":false},"author":1,"featured_media":0,"parent":0,"menu_order":0,"comment_status":"closed","ping_status":"closed","template":"","meta":{"footnotes":""},"class_list":["post-21988","page","type-page","status-publish","hentry"],"yoast_head":"<!-- This site is optimized with the Yoast SEO plugin v27.2 - https:\/\/yoast.com\/product\/yoast-seo-wordpress\/ -->\n<title>Security Policy - Healthentia<\/title>\n<meta name=\"description\" content=\"D\u00e9couvrez la politique de s\u00e9curit\u00e9 de Healthentia d\u00e9crivant des mesures robustes pour la protection des donn\u00e9es, y compris des garanties administratives, physiques et techniques (contr\u00f4les d&#039;acc\u00e8s, cryptage, pistes d&#039;audit), des protocoles de r\u00e9ponse aux incidents, la formation du personnel et la conformit\u00e9 aux normes GDPR et HIPAA.\" \/>\n<meta name=\"robots\" content=\"index, follow, max-snippet:-1, max-image-preview:large, max-video-preview:-1\" \/>\n<link rel=\"canonical\" href=\"https:\/\/healthentia.com\/fr\/security-policy\/\" \/>\n<meta property=\"og:locale\" content=\"fr_FR\" \/>\n<meta property=\"og:type\" content=\"article\" \/>\n<meta property=\"og:title\" content=\"Security Policy - Healthentia\" \/>\n<meta property=\"og:description\" content=\"D\u00e9couvrez la politique de s\u00e9curit\u00e9 de Healthentia d\u00e9crivant des mesures robustes pour la protection des donn\u00e9es, y compris des garanties administratives, physiques et techniques (contr\u00f4les d&#039;acc\u00e8s, cryptage, pistes d&#039;audit), des protocoles de r\u00e9ponse aux incidents, la formation du personnel et la conformit\u00e9 aux normes GDPR et HIPAA.\" \/>\n<meta property=\"og:url\" content=\"https:\/\/healthentia.com\/fr\/security-policy\/\" \/>\n<meta property=\"og:site_name\" content=\"Healthentia\" \/>\n<meta property=\"article:modified_time\" content=\"2025-06-16T09:48:47+00:00\" \/>\n<meta name=\"twitter:card\" content=\"summary_large_image\" \/>\n<meta name=\"twitter:label1\" content=\"Dur\u00e9e de lecture estim\u00e9e\" \/>\n\t<meta name=\"twitter:data1\" content=\"2 minutes\" \/>\n<script type=\"application\/ld+json\" class=\"yoast-schema-graph\">{\"@context\":\"https:\/\/schema.org\",\"@graph\":[{\"@type\":\"WebPage\",\"@id\":\"https:\/\/healthentia.com\/fr\/security-policy\/\",\"url\":\"https:\/\/healthentia.com\/fr\/security-policy\/\",\"name\":\"Security Policy - Healthentia\",\"isPartOf\":{\"@id\":\"https:\/\/healthentia.com\/fr\/#website\"},\"datePublished\":\"2024-10-04T14:56:48+00:00\",\"dateModified\":\"2025-06-16T09:48:47+00:00\",\"description\":\"D\u00e9couvrez la politique de s\u00e9curit\u00e9 de Healthentia d\u00e9crivant des mesures robustes pour la protection des donn\u00e9es, y compris des garanties administratives, physiques et techniques (contr\u00f4les d'acc\u00e8s, cryptage, pistes d'audit), des protocoles de r\u00e9ponse aux incidents, la formation du personnel et la conformit\u00e9 aux normes GDPR et HIPAA.\",\"breadcrumb\":{\"@id\":\"https:\/\/healthentia.com\/fr\/security-policy\/#breadcrumb\"},\"inLanguage\":\"fr-FR\",\"potentialAction\":[{\"@type\":\"ReadAction\",\"target\":[\"https:\/\/healthentia.com\/fr\/security-policy\/\"]}]},{\"@type\":\"BreadcrumbList\",\"@id\":\"https:\/\/healthentia.com\/fr\/security-policy\/#breadcrumb\",\"itemListElement\":[{\"@type\":\"ListItem\",\"position\":1,\"name\":\"Home\",\"item\":\"https:\/\/healthentia.com\/fr\/\"},{\"@type\":\"ListItem\",\"position\":2,\"name\":\"Security Policy\"}]},{\"@type\":\"WebSite\",\"@id\":\"https:\/\/healthentia.com\/fr\/#website\",\"url\":\"https:\/\/healthentia.com\/fr\/\",\"name\":\"Healthentia\",\"description\":\"\",\"publisher\":{\"@id\":\"https:\/\/healthentia.com\/fr\/#organization\"},\"potentialAction\":[{\"@type\":\"SearchAction\",\"target\":{\"@type\":\"EntryPoint\",\"urlTemplate\":\"https:\/\/healthentia.com\/fr\/?s={search_term_string}\"},\"query-input\":{\"@type\":\"PropertyValueSpecification\",\"valueRequired\":true,\"valueName\":\"search_term_string\"}}],\"inLanguage\":\"fr-FR\"},{\"@type\":\"Organization\",\"@id\":\"https:\/\/healthentia.com\/fr\/#organization\",\"name\":\"Healthentia\",\"url\":\"https:\/\/healthentia.com\/fr\/\",\"logo\":{\"@type\":\"ImageObject\",\"inLanguage\":\"fr-FR\",\"@id\":\"https:\/\/healthentia.com\/fr\/#\/schema\/logo\/image\/\",\"url\":\"https:\/\/healthentia.com\/wp-content\/uploads\/2019\/01\/cropped-cropped-cropped-logo_healthentia_transp-e1740146374322.png\",\"contentUrl\":\"https:\/\/healthentia.com\/wp-content\/uploads\/2019\/01\/cropped-cropped-cropped-logo_healthentia_transp-e1740146374322.png\",\"width\":400,\"height\":82,\"caption\":\"Healthentia\"},\"image\":{\"@id\":\"https:\/\/healthentia.com\/fr\/#\/schema\/logo\/image\/\"}}]}<\/script>\n<!-- \/ Yoast SEO plugin. -->","yoast_head_json":{"title":"Security Policy - Healthentia","description":"D\u00e9couvrez la politique de s\u00e9curit\u00e9 de Healthentia d\u00e9crivant des mesures robustes pour la protection des donn\u00e9es, y compris des garanties administratives, physiques et techniques (contr\u00f4les d'acc\u00e8s, cryptage, pistes d'audit), des protocoles de r\u00e9ponse aux incidents, la formation du personnel et la conformit\u00e9 aux normes GDPR et HIPAA.","robots":{"index":"index","follow":"follow","max-snippet":"max-snippet:-1","max-image-preview":"max-image-preview:large","max-video-preview":"max-video-preview:-1"},"canonical":"https:\/\/healthentia.com\/fr\/security-policy\/","og_locale":"fr_FR","og_type":"article","og_title":"Security Policy - Healthentia","og_description":"D\u00e9couvrez la politique de s\u00e9curit\u00e9 de Healthentia d\u00e9crivant des mesures robustes pour la protection des donn\u00e9es, y compris des garanties administratives, physiques et techniques (contr\u00f4les d'acc\u00e8s, cryptage, pistes d'audit), des protocoles de r\u00e9ponse aux incidents, la formation du personnel et la conformit\u00e9 aux normes GDPR et HIPAA.","og_url":"https:\/\/healthentia.com\/fr\/security-policy\/","og_site_name":"Healthentia","article_modified_time":"2025-06-16T09:48:47+00:00","twitter_card":"summary_large_image","twitter_misc":{"Dur\u00e9e de lecture estim\u00e9e":"2 minutes"},"schema":{"@context":"https:\/\/schema.org","@graph":[{"@type":"WebPage","@id":"https:\/\/healthentia.com\/fr\/security-policy\/","url":"https:\/\/healthentia.com\/fr\/security-policy\/","name":"Security Policy - Healthentia","isPartOf":{"@id":"https:\/\/healthentia.com\/fr\/#website"},"datePublished":"2024-10-04T14:56:48+00:00","dateModified":"2025-06-16T09:48:47+00:00","description":"D\u00e9couvrez la politique de s\u00e9curit\u00e9 de Healthentia d\u00e9crivant des mesures robustes pour la protection des donn\u00e9es, y compris des garanties administratives, physiques et techniques (contr\u00f4les d'acc\u00e8s, cryptage, pistes d'audit), des protocoles de r\u00e9ponse aux incidents, la formation du personnel et la conformit\u00e9 aux normes GDPR et HIPAA.","breadcrumb":{"@id":"https:\/\/healthentia.com\/fr\/security-policy\/#breadcrumb"},"inLanguage":"fr-FR","potentialAction":[{"@type":"ReadAction","target":["https:\/\/healthentia.com\/fr\/security-policy\/"]}]},{"@type":"BreadcrumbList","@id":"https:\/\/healthentia.com\/fr\/security-policy\/#breadcrumb","itemListElement":[{"@type":"ListItem","position":1,"name":"Home","item":"https:\/\/healthentia.com\/fr\/"},{"@type":"ListItem","position":2,"name":"Security Policy"}]},{"@type":"WebSite","@id":"https:\/\/healthentia.com\/fr\/#website","url":"https:\/\/healthentia.com\/fr\/","name":"Healthentia","description":"","publisher":{"@id":"https:\/\/healthentia.com\/fr\/#organization"},"potentialAction":[{"@type":"SearchAction","target":{"@type":"EntryPoint","urlTemplate":"https:\/\/healthentia.com\/fr\/?s={search_term_string}"},"query-input":{"@type":"PropertyValueSpecification","valueRequired":true,"valueName":"search_term_string"}}],"inLanguage":"fr-FR"},{"@type":"Organization","@id":"https:\/\/healthentia.com\/fr\/#organization","name":"Healthentia","url":"https:\/\/healthentia.com\/fr\/","logo":{"@type":"ImageObject","inLanguage":"fr-FR","@id":"https:\/\/healthentia.com\/fr\/#\/schema\/logo\/image\/","url":"https:\/\/healthentia.com\/wp-content\/uploads\/2019\/01\/cropped-cropped-cropped-logo_healthentia_transp-e1740146374322.png","contentUrl":"https:\/\/healthentia.com\/wp-content\/uploads\/2019\/01\/cropped-cropped-cropped-logo_healthentia_transp-e1740146374322.png","width":400,"height":82,"caption":"Healthentia"},"image":{"@id":"https:\/\/healthentia.com\/fr\/#\/schema\/logo\/image\/"}}]}},"jetpack_sharing_enabled":true,"_links":{"self":[{"href":"https:\/\/healthentia.com\/fr\/wp-json\/wp\/v2\/pages\/21988","targetHints":{"allow":["GET"]}}],"collection":[{"href":"https:\/\/healthentia.com\/fr\/wp-json\/wp\/v2\/pages"}],"about":[{"href":"https:\/\/healthentia.com\/fr\/wp-json\/wp\/v2\/types\/page"}],"author":[{"embeddable":true,"href":"https:\/\/healthentia.com\/fr\/wp-json\/wp\/v2\/users\/1"}],"replies":[{"embeddable":true,"href":"https:\/\/healthentia.com\/fr\/wp-json\/wp\/v2\/comments?post=21988"}],"version-history":[{"count":1,"href":"https:\/\/healthentia.com\/fr\/wp-json\/wp\/v2\/pages\/21988\/revisions"}],"predecessor-version":[{"id":22139,"href":"https:\/\/healthentia.com\/fr\/wp-json\/wp\/v2\/pages\/21988\/revisions\/22139"}],"wp:attachment":[{"href":"https:\/\/healthentia.com\/fr\/wp-json\/wp\/v2\/media?parent=21988"}],"curies":[{"name":"wp","href":"https:\/\/api.w.org\/{rel}","templated":true}]}}