{"id":21986,"date":"2024-10-04T14:43:54","date_gmt":"2024-10-04T14:43:54","guid":{"rendered":"https:\/\/healthentia.com\/quality-policy\/"},"modified":"2025-06-16T09:42:22","modified_gmt":"2025-06-16T09:42:22","slug":"quality-policy","status":"publish","type":"page","link":"https:\/\/healthentia.com\/fr\/quality-policy\/","title":{"rendered":"Quality Policy"},"content":{"rendered":"<div class=\"vgblk-rw-wrapper limit-wrapper\">&nbsp;<\/p>\n<p>&nbsp;<\/p>\n<p>The vision of Innovation Sprint SRL is to provide high-quality services with the aim of achieving client satisfaction and maximizing benefits for both the client and Innovation Sprint\u2019s shareholders.<\/p>\n<p>The Company\u2019s Management and employees are committed to comply with the Quality Strategy and accomplishment of the Quality Objectives.<\/p>\n<p>&nbsp;<\/p>\n<p>The Company\u2019s Quality Strategy is to:<\/p>\n<ul>\n<li>Provide high-quality services with an emphasis on reliability, accuracy, timeliness and performance\u037e<\/li>\n<li>Perform all tasks at the highest quality standards\u037e<\/li>\n<li>Meet our customer requirements\u037e<\/li>\n<li>Ensure patient safety by providing safe and effective medical devices software\u037e<\/li>\n<li>Build robust and long-lasting business relationships with our clients and partners, based on mutual trust, respect and professionalism\u037e<\/li>\n<li>Strive to be flexible, reliable and accountable to our stakeholders by honoring our commitments and delivering what we promise, impassioned by excellence and innovation\u037e<\/li>\n<li>Constantly improve our services and pursue innovations that will give us a competitive advantage\u037e<\/li>\n<li>Deliver structural cost reductions and operational excellence of the complete system, even when our services affect part of it\u037e<\/li>\n<li>Maximize operational effectiveness and business profitability\u037e<\/li>\n<li>Deliver sustainable Health, Safety, Security and Environmental excellence in business performance\u037e<\/li>\n<li>Focus on human resources as the most important asset of the company and leverage collective genius\u037e<\/li>\n<li>Encourage innovation that increases productivity in all aspects of our work, safeguards quality and enables us to meet customer needs\u037e<\/li>\n<li>Provide all necessary resources for the maintenance and continuous improvement of the Quality Management System according to EN ISO 9001:2015, ISO 13485: 2016 and 21CFR820.<\/li>\n<\/ul>\n<p>&nbsp;<\/p>\n<p>Applying our Strategy, the Company is committed to the following Quality Objectives:<\/p>\n<ul>\n<li>Absolute compliance with client specifications and standards\u037e<\/li>\n<li>Customer complaints elimination regarding the after-sales support\u037e<\/li>\n<li>Improved productivity, while maintaining the highest possible quality of services\u037e<\/li>\n<li>Rigorous application of our quality assurance system during software development activities\u037e<\/li>\n<li>Continuous personnel training\u037e<\/li>\n<li>Conformity to the applicable European and US laws and regulatory requirements\u037e<\/li>\n<li>Full implementation of the Quality Management System according to the ISO 9001:2015, ISO 13485: 2016 and 21CFR820\u037e<\/li>\n<li>Support the Medical Device operations for Healthentia\u037e<\/li>\n<li>Maintain effectiveness and improve the Quality Management System\u037e<\/li>\n<\/ul>\n<ul>\n<li>Maintain medical device software safety and performance by minimizing non-conform products on the market.<\/li>\n<\/ul>\n<p>&nbsp;<\/p>\n<p>This Quality Policy is communicated to the Company\u2019s staff and is understood by all employees. We believe that ensuring client satisfaction results in our own satisfaction and in taking pride in our work.<\/p>\n<p>The Company\u2019s Management reviews the Quality Management System at regular intervals, in order to ensure its continuous relevance and effectiveness.<\/p>\n<p>Last update of this policy: September 2024.<\/p><\/div>\n<p><!-- .vgblk-rw-wrapper --><\/p>\n","protected":false},"excerpt":{"rendered":"<p>&nbsp; &nbsp; The vision of Innovation Sprint SRL is to provide high-quality services with the aim of achieving client satisfaction and maximizing benefits for both the client and Innovation Sprint\u2019s shareholders. The Company\u2019s Management and employees are committed to comply with the Quality Strategy and accomplishment of the Quality Objectives. &nbsp; The Company\u2019s Quality Strategy&#8230;<\/p>\n","protected":false},"author":1,"featured_media":0,"parent":0,"menu_order":0,"comment_status":"closed","ping_status":"closed","template":"","meta":{"footnotes":""},"class_list":["post-21986","page","type-page","status-publish","hentry"],"yoast_head":"<!-- This site is optimized with the Yoast SEO plugin v27.2 - https:\/\/yoast.com\/product\/yoast-seo-wordpress\/ -->\n<title>Quality Policy - Healthentia<\/title>\n<meta name=\"description\" content=\"D\u00e9couvrez la politique qualit\u00e9 de Healthentia d&#039;Innovation Sprint SRL : notre engagement \u00e0 fournir des solutions SaMD fiables, pr\u00e9cises, s\u00fbres et performantes (ISO9001, ISO13485, 21CFR820), une innovation centr\u00e9e sur le patient, une am\u00e9lioration continue et une conformit\u00e9 r\u00e9glementaire totale pour une satisfaction maximale des clients et des parties prenantes.\" \/>\n<meta name=\"robots\" content=\"index, follow, max-snippet:-1, max-image-preview:large, max-video-preview:-1\" \/>\n<link rel=\"canonical\" href=\"https:\/\/healthentia.com\/fr\/quality-policy\/\" \/>\n<meta property=\"og:locale\" content=\"fr_FR\" \/>\n<meta property=\"og:type\" content=\"article\" \/>\n<meta property=\"og:title\" content=\"Quality Policy - Healthentia\" \/>\n<meta property=\"og:description\" content=\"D\u00e9couvrez la politique qualit\u00e9 de Healthentia d&#039;Innovation Sprint SRL : notre engagement \u00e0 fournir des solutions SaMD fiables, pr\u00e9cises, s\u00fbres et performantes (ISO9001, ISO13485, 21CFR820), une innovation centr\u00e9e sur le patient, une am\u00e9lioration continue et une conformit\u00e9 r\u00e9glementaire totale pour une satisfaction maximale des clients et des parties prenantes.\" \/>\n<meta property=\"og:url\" content=\"https:\/\/healthentia.com\/fr\/quality-policy\/\" \/>\n<meta property=\"og:site_name\" content=\"Healthentia\" \/>\n<meta property=\"article:modified_time\" content=\"2025-06-16T09:42:22+00:00\" \/>\n<meta name=\"twitter:card\" content=\"summary_large_image\" \/>\n<meta name=\"twitter:label1\" content=\"Dur\u00e9e de lecture estim\u00e9e\" \/>\n\t<meta name=\"twitter:data1\" content=\"2 minutes\" \/>\n<script type=\"application\/ld+json\" class=\"yoast-schema-graph\">{\"@context\":\"https:\/\/schema.org\",\"@graph\":[{\"@type\":\"WebPage\",\"@id\":\"https:\/\/healthentia.com\/fr\/quality-policy\/\",\"url\":\"https:\/\/healthentia.com\/fr\/quality-policy\/\",\"name\":\"Quality Policy - Healthentia\",\"isPartOf\":{\"@id\":\"https:\/\/healthentia.com\/fr\/#website\"},\"datePublished\":\"2024-10-04T14:43:54+00:00\",\"dateModified\":\"2025-06-16T09:42:22+00:00\",\"description\":\"D\u00e9couvrez la politique qualit\u00e9 de Healthentia d'Innovation Sprint SRL : notre engagement \u00e0 fournir des solutions SaMD fiables, pr\u00e9cises, s\u00fbres et performantes (ISO9001, ISO13485, 21CFR820), une innovation centr\u00e9e sur le patient, une am\u00e9lioration continue et une conformit\u00e9 r\u00e9glementaire totale pour une satisfaction maximale des clients et des parties prenantes.\",\"breadcrumb\":{\"@id\":\"https:\/\/healthentia.com\/fr\/quality-policy\/#breadcrumb\"},\"inLanguage\":\"fr-FR\",\"potentialAction\":[{\"@type\":\"ReadAction\",\"target\":[\"https:\/\/healthentia.com\/fr\/quality-policy\/\"]}]},{\"@type\":\"BreadcrumbList\",\"@id\":\"https:\/\/healthentia.com\/fr\/quality-policy\/#breadcrumb\",\"itemListElement\":[{\"@type\":\"ListItem\",\"position\":1,\"name\":\"Home\",\"item\":\"https:\/\/healthentia.com\/fr\/\"},{\"@type\":\"ListItem\",\"position\":2,\"name\":\"Quality Policy\"}]},{\"@type\":\"WebSite\",\"@id\":\"https:\/\/healthentia.com\/fr\/#website\",\"url\":\"https:\/\/healthentia.com\/fr\/\",\"name\":\"Healthentia\",\"description\":\"\",\"publisher\":{\"@id\":\"https:\/\/healthentia.com\/fr\/#organization\"},\"potentialAction\":[{\"@type\":\"SearchAction\",\"target\":{\"@type\":\"EntryPoint\",\"urlTemplate\":\"https:\/\/healthentia.com\/fr\/?s={search_term_string}\"},\"query-input\":{\"@type\":\"PropertyValueSpecification\",\"valueRequired\":true,\"valueName\":\"search_term_string\"}}],\"inLanguage\":\"fr-FR\"},{\"@type\":\"Organization\",\"@id\":\"https:\/\/healthentia.com\/fr\/#organization\",\"name\":\"Healthentia\",\"url\":\"https:\/\/healthentia.com\/fr\/\",\"logo\":{\"@type\":\"ImageObject\",\"inLanguage\":\"fr-FR\",\"@id\":\"https:\/\/healthentia.com\/fr\/#\/schema\/logo\/image\/\",\"url\":\"https:\/\/healthentia.com\/wp-content\/uploads\/2019\/01\/cropped-cropped-cropped-logo_healthentia_transp-e1740146374322.png\",\"contentUrl\":\"https:\/\/healthentia.com\/wp-content\/uploads\/2019\/01\/cropped-cropped-cropped-logo_healthentia_transp-e1740146374322.png\",\"width\":400,\"height\":82,\"caption\":\"Healthentia\"},\"image\":{\"@id\":\"https:\/\/healthentia.com\/fr\/#\/schema\/logo\/image\/\"}}]}<\/script>\n<!-- \/ Yoast SEO plugin. -->","yoast_head_json":{"title":"Quality Policy - Healthentia","description":"D\u00e9couvrez la politique qualit\u00e9 de Healthentia d'Innovation Sprint SRL : notre engagement \u00e0 fournir des solutions SaMD fiables, pr\u00e9cises, s\u00fbres et performantes (ISO9001, ISO13485, 21CFR820), une innovation centr\u00e9e sur le patient, une am\u00e9lioration continue et une conformit\u00e9 r\u00e9glementaire totale pour une satisfaction maximale des clients et des parties prenantes.","robots":{"index":"index","follow":"follow","max-snippet":"max-snippet:-1","max-image-preview":"max-image-preview:large","max-video-preview":"max-video-preview:-1"},"canonical":"https:\/\/healthentia.com\/fr\/quality-policy\/","og_locale":"fr_FR","og_type":"article","og_title":"Quality Policy - Healthentia","og_description":"D\u00e9couvrez la politique qualit\u00e9 de Healthentia d'Innovation Sprint SRL : notre engagement \u00e0 fournir des solutions SaMD fiables, pr\u00e9cises, s\u00fbres et performantes (ISO9001, ISO13485, 21CFR820), une innovation centr\u00e9e sur le patient, une am\u00e9lioration continue et une conformit\u00e9 r\u00e9glementaire totale pour une satisfaction maximale des clients et des parties prenantes.","og_url":"https:\/\/healthentia.com\/fr\/quality-policy\/","og_site_name":"Healthentia","article_modified_time":"2025-06-16T09:42:22+00:00","twitter_card":"summary_large_image","twitter_misc":{"Dur\u00e9e de lecture estim\u00e9e":"2 minutes"},"schema":{"@context":"https:\/\/schema.org","@graph":[{"@type":"WebPage","@id":"https:\/\/healthentia.com\/fr\/quality-policy\/","url":"https:\/\/healthentia.com\/fr\/quality-policy\/","name":"Quality Policy - Healthentia","isPartOf":{"@id":"https:\/\/healthentia.com\/fr\/#website"},"datePublished":"2024-10-04T14:43:54+00:00","dateModified":"2025-06-16T09:42:22+00:00","description":"D\u00e9couvrez la politique qualit\u00e9 de Healthentia d'Innovation Sprint SRL : notre engagement \u00e0 fournir des solutions SaMD fiables, pr\u00e9cises, s\u00fbres et performantes (ISO9001, ISO13485, 21CFR820), une innovation centr\u00e9e sur le patient, une am\u00e9lioration continue et une conformit\u00e9 r\u00e9glementaire totale pour une satisfaction maximale des clients et des parties prenantes.","breadcrumb":{"@id":"https:\/\/healthentia.com\/fr\/quality-policy\/#breadcrumb"},"inLanguage":"fr-FR","potentialAction":[{"@type":"ReadAction","target":["https:\/\/healthentia.com\/fr\/quality-policy\/"]}]},{"@type":"BreadcrumbList","@id":"https:\/\/healthentia.com\/fr\/quality-policy\/#breadcrumb","itemListElement":[{"@type":"ListItem","position":1,"name":"Home","item":"https:\/\/healthentia.com\/fr\/"},{"@type":"ListItem","position":2,"name":"Quality Policy"}]},{"@type":"WebSite","@id":"https:\/\/healthentia.com\/fr\/#website","url":"https:\/\/healthentia.com\/fr\/","name":"Healthentia","description":"","publisher":{"@id":"https:\/\/healthentia.com\/fr\/#organization"},"potentialAction":[{"@type":"SearchAction","target":{"@type":"EntryPoint","urlTemplate":"https:\/\/healthentia.com\/fr\/?s={search_term_string}"},"query-input":{"@type":"PropertyValueSpecification","valueRequired":true,"valueName":"search_term_string"}}],"inLanguage":"fr-FR"},{"@type":"Organization","@id":"https:\/\/healthentia.com\/fr\/#organization","name":"Healthentia","url":"https:\/\/healthentia.com\/fr\/","logo":{"@type":"ImageObject","inLanguage":"fr-FR","@id":"https:\/\/healthentia.com\/fr\/#\/schema\/logo\/image\/","url":"https:\/\/healthentia.com\/wp-content\/uploads\/2019\/01\/cropped-cropped-cropped-logo_healthentia_transp-e1740146374322.png","contentUrl":"https:\/\/healthentia.com\/wp-content\/uploads\/2019\/01\/cropped-cropped-cropped-logo_healthentia_transp-e1740146374322.png","width":400,"height":82,"caption":"Healthentia"},"image":{"@id":"https:\/\/healthentia.com\/fr\/#\/schema\/logo\/image\/"}}]}},"jetpack_sharing_enabled":true,"_links":{"self":[{"href":"https:\/\/healthentia.com\/fr\/wp-json\/wp\/v2\/pages\/21986","targetHints":{"allow":["GET"]}}],"collection":[{"href":"https:\/\/healthentia.com\/fr\/wp-json\/wp\/v2\/pages"}],"about":[{"href":"https:\/\/healthentia.com\/fr\/wp-json\/wp\/v2\/types\/page"}],"author":[{"embeddable":true,"href":"https:\/\/healthentia.com\/fr\/wp-json\/wp\/v2\/users\/1"}],"replies":[{"embeddable":true,"href":"https:\/\/healthentia.com\/fr\/wp-json\/wp\/v2\/comments?post=21986"}],"version-history":[{"count":1,"href":"https:\/\/healthentia.com\/fr\/wp-json\/wp\/v2\/pages\/21986\/revisions"}],"predecessor-version":[{"id":22137,"href":"https:\/\/healthentia.com\/fr\/wp-json\/wp\/v2\/pages\/21986\/revisions\/22137"}],"wp:attachment":[{"href":"https:\/\/healthentia.com\/fr\/wp-json\/wp\/v2\/media?parent=21986"}],"curies":[{"name":"wp","href":"https:\/\/api.w.org\/{rel}","templated":true}]}}