{"id":21947,"date":"2025-02-25T15:11:52","date_gmt":"2025-02-25T15:11:52","guid":{"rendered":"https:\/\/healthentia.com\/dispositif-medical-v4-classe-iia-mdr\/accord-saas-v4\/"},"modified":"2025-05-02T14:29:12","modified_gmt":"2025-05-02T14:29:12","slug":"accord-saas-v4","status":"publish","type":"page","link":"https:\/\/healthentia.com\/fr\/dispositif-medical-v4-classe-iia-mdr\/accord-saas-v4\/","title":{"rendered":"Accord SaaS v4"},"content":{"rendered":"<div class=\"vgblk-rw-wrapper limit-wrapper\">\r\n<p>This page is dedicated to SaaS beneficiaries (HCP, Hospitals, Pharma) and provides resources related to the operation of Healthentia SaaS.<\/p>\r\n<p>Privacy Policy<\/p>\r\n<p>Download the latest version of the file: <a href=\"https:\/\/healthentia.com\/wp-content\/uploads\/2025\/02\/PRIVACY-POLICY_HEALTHENTIA_v4_Web-portal_EN_v1.pdf\">PRIVACY POLICY_HEALTHENTIA (Version: v1, Date: 01-03-2025)<\/a><\/p>\r\n<p>Data Processing Agreement<\/p>\r\n<p>Download the latest version of the file: <a href=\"https:\/\/healthentia.com\/wp-content\/uploads\/2025\/02\/INNOVATION-SPRINT-DATA-PROCESSING-AGREEMENT_v4_05-02-2025.pdf\">INNOVATION SPRINT DATA PROCESSING AGREEMENT (Version: v4, Date: 05-02-2025)<\/a><\/p>\r\n<p>Terms of Use<\/p>\r\n<p>Download the latest version of the file: <a href=\"https:\/\/healthentia.com\/wp-content\/uploads\/2025\/02\/TERMS-OF-USE-HEALTHENTIA_v4_Web-portal_EN_v1.pdf\">TERMS OF USE HEALTHENTIA (Version: v1, Date: 01-03-2025)<\/a><\/p>\r\n<p>IFUs<\/p>\r\n<p>For IFUs of Patients and Healthcare Professionals see <a href=\"https:\/\/healthentia.com\/version-history-copy\/\">here<\/a>.If you would like a paper version of the instructions for use, please contact the manufacturer at the following e-mail address: <a href=\"mailto:info@healthentia.com\">info@healthentia.com<\/a>.<br \/><em>It will be delivered within 7 calendar days after receiving the request.<\/em><\/p>\r\n<\/div><!-- .vgblk-rw-wrapper -->","protected":false},"excerpt":{"rendered":"<p>This page is dedicated to SaaS beneficiaries (HCP, Hospitals, Pharma) and provides resources related to the operation of Healthentia SaaS. Privacy Policy Download the latest version of the file: PRIVACY POLICY_HEALTHENTIA (Version: v1, Date: 01-03-2025) Data Processing Agreement Download the latest version of the file: INNOVATION SPRINT DATA PROCESSING AGREEMENT (Version: v4, Date: 05-02-2025) Terms&#8230;<\/p>\n","protected":false},"author":2,"featured_media":0,"parent":21825,"menu_order":2,"comment_status":"closed","ping_status":"closed","template":"","meta":{"footnotes":""},"class_list":["post-21947","page","type-page","status-publish","hentry"],"yoast_head":"<!-- This site is optimized with the Yoast SEO plugin v27.2 - https:\/\/yoast.com\/product\/yoast-seo-wordpress\/ -->\n<title>Accord SaaS v4 - Healthentia<\/title>\n<meta name=\"description\" content=\"Cette page est d\u00e9di\u00e9e aux b\u00e9n\u00e9ficiaires de SaaS (HCP, H\u00f4pitaux, Pharma) et fournit des ressources li\u00e9es au fonctionnement de Healthentia SaaS.\" \/>\n<meta name=\"robots\" content=\"index, follow, max-snippet:-1, max-image-preview:large, max-video-preview:-1\" \/>\n<link rel=\"canonical\" href=\"https:\/\/healthentia.com\/fr\/dispositif-medical-v4-classe-iia-mdr\/accord-saas-v4\/\" \/>\n<meta property=\"og:locale\" content=\"fr_FR\" \/>\n<meta property=\"og:type\" content=\"article\" \/>\n<meta property=\"og:title\" content=\"Accord SaaS v4 - Healthentia\" \/>\n<meta property=\"og:description\" content=\"Cette page est d\u00e9di\u00e9e aux b\u00e9n\u00e9ficiaires de SaaS (HCP, H\u00f4pitaux, Pharma) et fournit des ressources li\u00e9es au fonctionnement de Healthentia SaaS.\" \/>\n<meta property=\"og:url\" content=\"https:\/\/healthentia.com\/fr\/dispositif-medical-v4-classe-iia-mdr\/accord-saas-v4\/\" \/>\n<meta property=\"og:site_name\" content=\"Healthentia\" \/>\n<meta property=\"article:modified_time\" content=\"2025-05-02T14:29:12+00:00\" \/>\n<meta name=\"twitter:card\" content=\"summary_large_image\" \/>\n<meta name=\"twitter:label1\" content=\"Dur\u00e9e de lecture estim\u00e9e\" \/>\n\t<meta name=\"twitter:data1\" content=\"1 minute\" \/>\n<script type=\"application\/ld+json\" class=\"yoast-schema-graph\">{\"@context\":\"https:\/\/schema.org\",\"@graph\":[{\"@type\":\"WebPage\",\"@id\":\"https:\/\/healthentia.com\/fr\/dispositif-medical-v4-classe-iia-mdr\/accord-saas-v4\/\",\"url\":\"https:\/\/healthentia.com\/fr\/dispositif-medical-v4-classe-iia-mdr\/accord-saas-v4\/\",\"name\":\"Accord SaaS v4 - Healthentia\",\"isPartOf\":{\"@id\":\"https:\/\/healthentia.com\/fr\/#website\"},\"datePublished\":\"2025-02-25T15:11:52+00:00\",\"dateModified\":\"2025-05-02T14:29:12+00:00\",\"description\":\"Cette page est d\u00e9di\u00e9e aux b\u00e9n\u00e9ficiaires de SaaS (HCP, H\u00f4pitaux, Pharma) et fournit des ressources li\u00e9es au fonctionnement de Healthentia SaaS.\",\"breadcrumb\":{\"@id\":\"https:\/\/healthentia.com\/fr\/dispositif-medical-v4-classe-iia-mdr\/accord-saas-v4\/#breadcrumb\"},\"inLanguage\":\"fr-FR\",\"potentialAction\":[{\"@type\":\"ReadAction\",\"target\":[\"https:\/\/healthentia.com\/fr\/dispositif-medical-v4-classe-iia-mdr\/accord-saas-v4\/\"]}]},{\"@type\":\"BreadcrumbList\",\"@id\":\"https:\/\/healthentia.com\/fr\/dispositif-medical-v4-classe-iia-mdr\/accord-saas-v4\/#breadcrumb\",\"itemListElement\":[{\"@type\":\"ListItem\",\"position\":1,\"name\":\"Home\",\"item\":\"https:\/\/healthentia.com\/fr\/\"},{\"@type\":\"ListItem\",\"position\":2,\"name\":\"Dispositif m\u00e9dical v4 Classe IIa MDR\",\"item\":\"https:\/\/healthentia.com\/fr\/dispositif-medical-v4-classe-iia-mdr\/\"},{\"@type\":\"ListItem\",\"position\":3,\"name\":\"Accord SaaS v4\"}]},{\"@type\":\"WebSite\",\"@id\":\"https:\/\/healthentia.com\/fr\/#website\",\"url\":\"https:\/\/healthentia.com\/fr\/\",\"name\":\"Healthentia\",\"description\":\"\",\"publisher\":{\"@id\":\"https:\/\/healthentia.com\/fr\/#organization\"},\"potentialAction\":[{\"@type\":\"SearchAction\",\"target\":{\"@type\":\"EntryPoint\",\"urlTemplate\":\"https:\/\/healthentia.com\/fr\/?s={search_term_string}\"},\"query-input\":{\"@type\":\"PropertyValueSpecification\",\"valueRequired\":true,\"valueName\":\"search_term_string\"}}],\"inLanguage\":\"fr-FR\"},{\"@type\":\"Organization\",\"@id\":\"https:\/\/healthentia.com\/fr\/#organization\",\"name\":\"Healthentia\",\"url\":\"https:\/\/healthentia.com\/fr\/\",\"logo\":{\"@type\":\"ImageObject\",\"inLanguage\":\"fr-FR\",\"@id\":\"https:\/\/healthentia.com\/fr\/#\/schema\/logo\/image\/\",\"url\":\"https:\/\/healthentia.com\/wp-content\/uploads\/2019\/01\/cropped-cropped-cropped-logo_healthentia_transp-e1740146374322.png\",\"contentUrl\":\"https:\/\/healthentia.com\/wp-content\/uploads\/2019\/01\/cropped-cropped-cropped-logo_healthentia_transp-e1740146374322.png\",\"width\":400,\"height\":82,\"caption\":\"Healthentia\"},\"image\":{\"@id\":\"https:\/\/healthentia.com\/fr\/#\/schema\/logo\/image\/\"}}]}<\/script>\n<!-- \/ Yoast SEO plugin. -->","yoast_head_json":{"title":"Accord SaaS v4 - Healthentia","description":"Cette page est d\u00e9di\u00e9e aux b\u00e9n\u00e9ficiaires de SaaS (HCP, H\u00f4pitaux, Pharma) et fournit des ressources li\u00e9es au fonctionnement de Healthentia SaaS.","robots":{"index":"index","follow":"follow","max-snippet":"max-snippet:-1","max-image-preview":"max-image-preview:large","max-video-preview":"max-video-preview:-1"},"canonical":"https:\/\/healthentia.com\/fr\/dispositif-medical-v4-classe-iia-mdr\/accord-saas-v4\/","og_locale":"fr_FR","og_type":"article","og_title":"Accord SaaS v4 - Healthentia","og_description":"Cette page est d\u00e9di\u00e9e aux b\u00e9n\u00e9ficiaires de SaaS (HCP, H\u00f4pitaux, Pharma) et fournit des ressources li\u00e9es au fonctionnement de Healthentia SaaS.","og_url":"https:\/\/healthentia.com\/fr\/dispositif-medical-v4-classe-iia-mdr\/accord-saas-v4\/","og_site_name":"Healthentia","article_modified_time":"2025-05-02T14:29:12+00:00","twitter_card":"summary_large_image","twitter_misc":{"Dur\u00e9e de lecture estim\u00e9e":"1 minute"},"schema":{"@context":"https:\/\/schema.org","@graph":[{"@type":"WebPage","@id":"https:\/\/healthentia.com\/fr\/dispositif-medical-v4-classe-iia-mdr\/accord-saas-v4\/","url":"https:\/\/healthentia.com\/fr\/dispositif-medical-v4-classe-iia-mdr\/accord-saas-v4\/","name":"Accord SaaS v4 - Healthentia","isPartOf":{"@id":"https:\/\/healthentia.com\/fr\/#website"},"datePublished":"2025-02-25T15:11:52+00:00","dateModified":"2025-05-02T14:29:12+00:00","description":"Cette page est d\u00e9di\u00e9e aux b\u00e9n\u00e9ficiaires de SaaS (HCP, H\u00f4pitaux, Pharma) et fournit des ressources li\u00e9es au fonctionnement de Healthentia SaaS.","breadcrumb":{"@id":"https:\/\/healthentia.com\/fr\/dispositif-medical-v4-classe-iia-mdr\/accord-saas-v4\/#breadcrumb"},"inLanguage":"fr-FR","potentialAction":[{"@type":"ReadAction","target":["https:\/\/healthentia.com\/fr\/dispositif-medical-v4-classe-iia-mdr\/accord-saas-v4\/"]}]},{"@type":"BreadcrumbList","@id":"https:\/\/healthentia.com\/fr\/dispositif-medical-v4-classe-iia-mdr\/accord-saas-v4\/#breadcrumb","itemListElement":[{"@type":"ListItem","position":1,"name":"Home","item":"https:\/\/healthentia.com\/fr\/"},{"@type":"ListItem","position":2,"name":"Dispositif m\u00e9dical v4 Classe IIa MDR","item":"https:\/\/healthentia.com\/fr\/dispositif-medical-v4-classe-iia-mdr\/"},{"@type":"ListItem","position":3,"name":"Accord SaaS v4"}]},{"@type":"WebSite","@id":"https:\/\/healthentia.com\/fr\/#website","url":"https:\/\/healthentia.com\/fr\/","name":"Healthentia","description":"","publisher":{"@id":"https:\/\/healthentia.com\/fr\/#organization"},"potentialAction":[{"@type":"SearchAction","target":{"@type":"EntryPoint","urlTemplate":"https:\/\/healthentia.com\/fr\/?s={search_term_string}"},"query-input":{"@type":"PropertyValueSpecification","valueRequired":true,"valueName":"search_term_string"}}],"inLanguage":"fr-FR"},{"@type":"Organization","@id":"https:\/\/healthentia.com\/fr\/#organization","name":"Healthentia","url":"https:\/\/healthentia.com\/fr\/","logo":{"@type":"ImageObject","inLanguage":"fr-FR","@id":"https:\/\/healthentia.com\/fr\/#\/schema\/logo\/image\/","url":"https:\/\/healthentia.com\/wp-content\/uploads\/2019\/01\/cropped-cropped-cropped-logo_healthentia_transp-e1740146374322.png","contentUrl":"https:\/\/healthentia.com\/wp-content\/uploads\/2019\/01\/cropped-cropped-cropped-logo_healthentia_transp-e1740146374322.png","width":400,"height":82,"caption":"Healthentia"},"image":{"@id":"https:\/\/healthentia.com\/fr\/#\/schema\/logo\/image\/"}}]}},"jetpack_sharing_enabled":true,"_links":{"self":[{"href":"https:\/\/healthentia.com\/fr\/wp-json\/wp\/v2\/pages\/21947","targetHints":{"allow":["GET"]}}],"collection":[{"href":"https:\/\/healthentia.com\/fr\/wp-json\/wp\/v2\/pages"}],"about":[{"href":"https:\/\/healthentia.com\/fr\/wp-json\/wp\/v2\/types\/page"}],"author":[{"embeddable":true,"href":"https:\/\/healthentia.com\/fr\/wp-json\/wp\/v2\/users\/2"}],"replies":[{"embeddable":true,"href":"https:\/\/healthentia.com\/fr\/wp-json\/wp\/v2\/comments?post=21947"}],"version-history":[{"count":1,"href":"https:\/\/healthentia.com\/fr\/wp-json\/wp\/v2\/pages\/21947\/revisions"}],"predecessor-version":[{"id":21956,"href":"https:\/\/healthentia.com\/fr\/wp-json\/wp\/v2\/pages\/21947\/revisions\/21956"}],"up":[{"embeddable":true,"href":"https:\/\/healthentia.com\/fr\/wp-json\/wp\/v2\/pages\/21825"}],"wp:attachment":[{"href":"https:\/\/healthentia.com\/fr\/wp-json\/wp\/v2\/media?parent=21947"}],"curies":[{"name":"wp","href":"https:\/\/api.w.org\/{rel}","templated":true}]}}