{"id":21929,"date":"2020-03-18T13:39:22","date_gmt":"2020-03-18T13:39:22","guid":{"rendered":"https:\/\/healthentia.com\/epro-pour-les-ecd\/"},"modified":"2025-09-05T13:45:03","modified_gmt":"2025-09-05T13:45:03","slug":"epro-pour-les-ecd","status":"publish","type":"page","link":"https:\/\/healthentia.com\/fr\/epro-pour-les-ecd\/","title":{"rendered":"ePRO pour les essais cliniques d\u00e9centralis\u00e9s"},"content":{"rendered":"","protected":false},"excerpt":{"rendered":"","protected":false},"author":1,"featured_media":0,"parent":0,"menu_order":0,"comment_status":"closed","ping_status":"closed","template":"","meta":{"footnotes":""},"class_list":["post-21929","page","type-page","status-publish","hentry"],"yoast_head":"<!-- This site is optimized with the Yoast SEO plugin v27.2 - https:\/\/yoast.com\/product\/yoast-seo-wordpress\/ -->\n<title>ePRO pour les essais cliniques d\u00e9centralis\u00e9s - Healthentia<\/title>\n<meta name=\"description\" content=\"La solution ePRO de Healthentia alimente les essais cliniques d\u00e9centralis\u00e9s et hybrides avec le consentement \u00e9lectronique, les t\u00e9l\u00e9consultations, l&#039;int\u00e9gration IoT, des analyses riches et un engagement am\u00e9lior\u00e9 des patients.\" \/>\n<meta name=\"robots\" content=\"index, follow, max-snippet:-1, max-image-preview:large, max-video-preview:-1\" \/>\n<link rel=\"canonical\" href=\"https:\/\/healthentia.com\/fr\/epro-pour-les-ecd\/\" \/>\n<meta property=\"og:locale\" content=\"fr_FR\" \/>\n<meta property=\"og:type\" content=\"article\" \/>\n<meta property=\"og:title\" content=\"ePRO pour les essais cliniques d\u00e9centralis\u00e9s - Healthentia\" \/>\n<meta property=\"og:description\" content=\"La solution ePRO de Healthentia alimente les essais cliniques d\u00e9centralis\u00e9s et hybrides avec le consentement \u00e9lectronique, les t\u00e9l\u00e9consultations, l&#039;int\u00e9gration IoT, des analyses riches et un engagement am\u00e9lior\u00e9 des patients.\" \/>\n<meta property=\"og:url\" content=\"https:\/\/healthentia.com\/fr\/epro-pour-les-ecd\/\" \/>\n<meta property=\"og:site_name\" content=\"Healthentia\" \/>\n<meta property=\"article:modified_time\" content=\"2025-09-05T13:45:03+00:00\" \/>\n<meta name=\"twitter:card\" content=\"summary_large_image\" \/>\n<meta name=\"twitter:label1\" content=\"Dur\u00e9e de lecture estim\u00e9e\" \/>\n\t<meta name=\"twitter:data1\" content=\"6 minutes\" \/>\n<script type=\"application\/ld+json\" class=\"yoast-schema-graph\">{\"@context\":\"https:\/\/schema.org\",\"@graph\":[{\"@type\":\"WebPage\",\"@id\":\"https:\/\/healthentia.com\/fr\/epro-pour-les-ecd\/\",\"url\":\"https:\/\/healthentia.com\/fr\/epro-pour-les-ecd\/\",\"name\":\"ePRO pour les essais cliniques d\u00e9centralis\u00e9s - Healthentia\",\"isPartOf\":{\"@id\":\"https:\/\/healthentia.com\/fr\/#website\"},\"datePublished\":\"2020-03-18T13:39:22+00:00\",\"dateModified\":\"2025-09-05T13:45:03+00:00\",\"description\":\"La solution ePRO de Healthentia alimente les essais cliniques d\u00e9centralis\u00e9s et hybrides avec le consentement \u00e9lectronique, les t\u00e9l\u00e9consultations, l'int\u00e9gration IoT, des analyses riches et un engagement am\u00e9lior\u00e9 des patients.\",\"breadcrumb\":{\"@id\":\"https:\/\/healthentia.com\/fr\/epro-pour-les-ecd\/#breadcrumb\"},\"inLanguage\":\"fr-FR\",\"potentialAction\":[{\"@type\":\"ReadAction\",\"target\":[\"https:\/\/healthentia.com\/fr\/epro-pour-les-ecd\/\"]}]},{\"@type\":\"BreadcrumbList\",\"@id\":\"https:\/\/healthentia.com\/fr\/epro-pour-les-ecd\/#breadcrumb\",\"itemListElement\":[{\"@type\":\"ListItem\",\"position\":1,\"name\":\"Home\",\"item\":\"https:\/\/healthentia.com\/fr\/\"},{\"@type\":\"ListItem\",\"position\":2,\"name\":\"ePRO pour les essais cliniques d\u00e9centralis\u00e9s\"}]},{\"@type\":\"WebSite\",\"@id\":\"https:\/\/healthentia.com\/fr\/#website\",\"url\":\"https:\/\/healthentia.com\/fr\/\",\"name\":\"Healthentia\",\"description\":\"\",\"publisher\":{\"@id\":\"https:\/\/healthentia.com\/fr\/#organization\"},\"potentialAction\":[{\"@type\":\"SearchAction\",\"target\":{\"@type\":\"EntryPoint\",\"urlTemplate\":\"https:\/\/healthentia.com\/fr\/?s={search_term_string}\"},\"query-input\":{\"@type\":\"PropertyValueSpecification\",\"valueRequired\":true,\"valueName\":\"search_term_string\"}}],\"inLanguage\":\"fr-FR\"},{\"@type\":\"Organization\",\"@id\":\"https:\/\/healthentia.com\/fr\/#organization\",\"name\":\"Healthentia\",\"url\":\"https:\/\/healthentia.com\/fr\/\",\"logo\":{\"@type\":\"ImageObject\",\"inLanguage\":\"fr-FR\",\"@id\":\"https:\/\/healthentia.com\/fr\/#\/schema\/logo\/image\/\",\"url\":\"https:\/\/healthentia.com\/wp-content\/uploads\/2019\/01\/cropped-cropped-cropped-logo_healthentia_transp-e1740146374322.png\",\"contentUrl\":\"https:\/\/healthentia.com\/wp-content\/uploads\/2019\/01\/cropped-cropped-cropped-logo_healthentia_transp-e1740146374322.png\",\"width\":400,\"height\":82,\"caption\":\"Healthentia\"},\"image\":{\"@id\":\"https:\/\/healthentia.com\/fr\/#\/schema\/logo\/image\/\"}}]}<\/script>\n<!-- \/ Yoast SEO plugin. -->","yoast_head_json":{"title":"ePRO pour les essais cliniques d\u00e9centralis\u00e9s - Healthentia","description":"La solution ePRO de Healthentia alimente les essais cliniques d\u00e9centralis\u00e9s et hybrides avec le consentement \u00e9lectronique, les t\u00e9l\u00e9consultations, l'int\u00e9gration IoT, des analyses riches et un engagement am\u00e9lior\u00e9 des patients.","robots":{"index":"index","follow":"follow","max-snippet":"max-snippet:-1","max-image-preview":"max-image-preview:large","max-video-preview":"max-video-preview:-1"},"canonical":"https:\/\/healthentia.com\/fr\/epro-pour-les-ecd\/","og_locale":"fr_FR","og_type":"article","og_title":"ePRO pour les essais cliniques d\u00e9centralis\u00e9s - Healthentia","og_description":"La solution ePRO de Healthentia alimente les essais cliniques d\u00e9centralis\u00e9s et hybrides avec le consentement \u00e9lectronique, les t\u00e9l\u00e9consultations, l'int\u00e9gration IoT, des analyses riches et un engagement am\u00e9lior\u00e9 des patients.","og_url":"https:\/\/healthentia.com\/fr\/epro-pour-les-ecd\/","og_site_name":"Healthentia","article_modified_time":"2025-09-05T13:45:03+00:00","twitter_card":"summary_large_image","twitter_misc":{"Dur\u00e9e de lecture estim\u00e9e":"6 minutes"},"schema":{"@context":"https:\/\/schema.org","@graph":[{"@type":"WebPage","@id":"https:\/\/healthentia.com\/fr\/epro-pour-les-ecd\/","url":"https:\/\/healthentia.com\/fr\/epro-pour-les-ecd\/","name":"ePRO pour les essais cliniques d\u00e9centralis\u00e9s - Healthentia","isPartOf":{"@id":"https:\/\/healthentia.com\/fr\/#website"},"datePublished":"2020-03-18T13:39:22+00:00","dateModified":"2025-09-05T13:45:03+00:00","description":"La solution ePRO de Healthentia alimente les essais cliniques d\u00e9centralis\u00e9s et hybrides avec le consentement \u00e9lectronique, les t\u00e9l\u00e9consultations, l'int\u00e9gration IoT, des analyses riches et un engagement am\u00e9lior\u00e9 des patients.","breadcrumb":{"@id":"https:\/\/healthentia.com\/fr\/epro-pour-les-ecd\/#breadcrumb"},"inLanguage":"fr-FR","potentialAction":[{"@type":"ReadAction","target":["https:\/\/healthentia.com\/fr\/epro-pour-les-ecd\/"]}]},{"@type":"BreadcrumbList","@id":"https:\/\/healthentia.com\/fr\/epro-pour-les-ecd\/#breadcrumb","itemListElement":[{"@type":"ListItem","position":1,"name":"Home","item":"https:\/\/healthentia.com\/fr\/"},{"@type":"ListItem","position":2,"name":"ePRO pour les essais cliniques d\u00e9centralis\u00e9s"}]},{"@type":"WebSite","@id":"https:\/\/healthentia.com\/fr\/#website","url":"https:\/\/healthentia.com\/fr\/","name":"Healthentia","description":"","publisher":{"@id":"https:\/\/healthentia.com\/fr\/#organization"},"potentialAction":[{"@type":"SearchAction","target":{"@type":"EntryPoint","urlTemplate":"https:\/\/healthentia.com\/fr\/?s={search_term_string}"},"query-input":{"@type":"PropertyValueSpecification","valueRequired":true,"valueName":"search_term_string"}}],"inLanguage":"fr-FR"},{"@type":"Organization","@id":"https:\/\/healthentia.com\/fr\/#organization","name":"Healthentia","url":"https:\/\/healthentia.com\/fr\/","logo":{"@type":"ImageObject","inLanguage":"fr-FR","@id":"https:\/\/healthentia.com\/fr\/#\/schema\/logo\/image\/","url":"https:\/\/healthentia.com\/wp-content\/uploads\/2019\/01\/cropped-cropped-cropped-logo_healthentia_transp-e1740146374322.png","contentUrl":"https:\/\/healthentia.com\/wp-content\/uploads\/2019\/01\/cropped-cropped-cropped-logo_healthentia_transp-e1740146374322.png","width":400,"height":82,"caption":"Healthentia"},"image":{"@id":"https:\/\/healthentia.com\/fr\/#\/schema\/logo\/image\/"}}]}},"jetpack_sharing_enabled":true,"_links":{"self":[{"href":"https:\/\/healthentia.com\/fr\/wp-json\/wp\/v2\/pages\/21929","targetHints":{"allow":["GET"]}}],"collection":[{"href":"https:\/\/healthentia.com\/fr\/wp-json\/wp\/v2\/pages"}],"about":[{"href":"https:\/\/healthentia.com\/fr\/wp-json\/wp\/v2\/types\/page"}],"author":[{"embeddable":true,"href":"https:\/\/healthentia.com\/fr\/wp-json\/wp\/v2\/users\/1"}],"replies":[{"embeddable":true,"href":"https:\/\/healthentia.com\/fr\/wp-json\/wp\/v2\/comments?post=21929"}],"version-history":[{"count":2,"href":"https:\/\/healthentia.com\/fr\/wp-json\/wp\/v2\/pages\/21929\/revisions"}],"predecessor-version":[{"id":22490,"href":"https:\/\/healthentia.com\/fr\/wp-json\/wp\/v2\/pages\/21929\/revisions\/22490"}],"wp:attachment":[{"href":"https:\/\/healthentia.com\/fr\/wp-json\/wp\/v2\/media?parent=21929"}],"curies":[{"name":"wp","href":"https:\/\/api.w.org\/{rel}","templated":true}]}}