{"id":21847,"date":"2023-04-18T13:22:50","date_gmt":"2023-04-18T13:22:50","guid":{"rendered":"https:\/\/healthentia.com\/dispositif-medical-v3-classe-i-mdd\/v3-releases-ifus\/"},"modified":"2025-06-16T09:12:06","modified_gmt":"2025-06-16T09:12:06","slug":"v3-releases-ifus","status":"publish","type":"page","link":"https:\/\/healthentia.com\/fr\/dispositif-medical-v3-classe-i-mdd\/v3-releases-ifus\/","title":{"rendered":"v3 Releases &amp; IFUs"},"content":{"rendered":"","protected":false},"excerpt":{"rendered":"","protected":false},"author":2,"featured_media":0,"parent":21834,"menu_order":1,"comment_status":"closed","ping_status":"closed","template":"","meta":{"footnotes":""},"class_list":["post-21847","page","type-page","status-publish","hentry"],"yoast_head":"<!-- This site is optimized with the Yoast SEO plugin v27.2 - https:\/\/yoast.com\/product\/yoast-seo-wordpress\/ -->\n<title>v3 Releases &amp; IFUs - Healthentia<\/title>\n<meta name=\"description\" content=\"Explorez l\u2019historique des versions de la notice d\u2019utilisation (IFU) de Healthentia, dispositif m\u00e9dical de classe IIa selon la MDD v3, en d\u00e9taillant les mises \u00e0 jour de version de 2021 \u00e0 2025 \u2014 y compris les am\u00e9liorations logicielles, les int\u00e9grations de dispositifs, la disponibilit\u00e9 multilingue de l\u2019IFU, ainsi que les dates, afin de garantir une conformit\u00e9 r\u00e9glementaire rigoureuse.\" \/>\n<meta name=\"robots\" content=\"index, follow, max-snippet:-1, max-image-preview:large, max-video-preview:-1\" \/>\n<link rel=\"canonical\" href=\"https:\/\/healthentia.com\/fr\/dispositif-medical-v3-classe-i-mdd\/v3-releases-ifus\/\" \/>\n<meta property=\"og:locale\" content=\"fr_FR\" \/>\n<meta property=\"og:type\" content=\"article\" \/>\n<meta property=\"og:title\" content=\"v3 Releases &amp; IFUs - Healthentia\" \/>\n<meta property=\"og:description\" content=\"Explorez l\u2019historique des versions de la notice d\u2019utilisation (IFU) de Healthentia, dispositif m\u00e9dical de classe IIa selon la MDD v3, en d\u00e9taillant les mises \u00e0 jour de version de 2021 \u00e0 2025 \u2014 y compris les am\u00e9liorations logicielles, les int\u00e9grations de dispositifs, la disponibilit\u00e9 multilingue de l\u2019IFU, ainsi que les dates, afin de garantir une conformit\u00e9 r\u00e9glementaire rigoureuse.\" \/>\n<meta property=\"og:url\" content=\"https:\/\/healthentia.com\/fr\/dispositif-medical-v3-classe-i-mdd\/v3-releases-ifus\/\" \/>\n<meta property=\"og:site_name\" content=\"Healthentia\" \/>\n<meta property=\"article:modified_time\" content=\"2025-06-16T09:12:06+00:00\" \/>\n<meta name=\"twitter:card\" content=\"summary_large_image\" \/>\n<meta name=\"twitter:label1\" content=\"Dur\u00e9e de lecture estim\u00e9e\" \/>\n\t<meta name=\"twitter:data1\" content=\"4 minutes\" \/>\n<script type=\"application\/ld+json\" class=\"yoast-schema-graph\">{\"@context\":\"https:\/\/schema.org\",\"@graph\":[{\"@type\":\"WebPage\",\"@id\":\"https:\/\/healthentia.com\/fr\/dispositif-medical-v3-classe-i-mdd\/v3-releases-ifus\/\",\"url\":\"https:\/\/healthentia.com\/fr\/dispositif-medical-v3-classe-i-mdd\/v3-releases-ifus\/\",\"name\":\"v3 Releases &amp; IFUs - Healthentia\",\"isPartOf\":{\"@id\":\"https:\/\/healthentia.com\/fr\/#website\"},\"datePublished\":\"2023-04-18T13:22:50+00:00\",\"dateModified\":\"2025-06-16T09:12:06+00:00\",\"description\":\"Explorez l\u2019historique des versions de la notice d\u2019utilisation (IFU) de Healthentia, dispositif m\u00e9dical de classe IIa selon la MDD v3, en d\u00e9taillant les mises \u00e0 jour de version de 2021 \u00e0 2025 \u2014 y compris les am\u00e9liorations logicielles, les int\u00e9grations de dispositifs, la disponibilit\u00e9 multilingue de l\u2019IFU, ainsi que les dates, afin de garantir une conformit\u00e9 r\u00e9glementaire rigoureuse.\",\"breadcrumb\":{\"@id\":\"https:\/\/healthentia.com\/fr\/dispositif-medical-v3-classe-i-mdd\/v3-releases-ifus\/#breadcrumb\"},\"inLanguage\":\"fr-FR\",\"potentialAction\":[{\"@type\":\"ReadAction\",\"target\":[\"https:\/\/healthentia.com\/fr\/dispositif-medical-v3-classe-i-mdd\/v3-releases-ifus\/\"]}]},{\"@type\":\"BreadcrumbList\",\"@id\":\"https:\/\/healthentia.com\/fr\/dispositif-medical-v3-classe-i-mdd\/v3-releases-ifus\/#breadcrumb\",\"itemListElement\":[{\"@type\":\"ListItem\",\"position\":1,\"name\":\"Home\",\"item\":\"https:\/\/healthentia.com\/fr\/\"},{\"@type\":\"ListItem\",\"position\":2,\"name\":\"Dispositif m\u00e9dical v3 Classe I MDD\",\"item\":\"https:\/\/healthentia.com\/fr\/dispositif-medical-v3-classe-i-mdd\/\"},{\"@type\":\"ListItem\",\"position\":3,\"name\":\"v3 Releases &amp; IFUs\"}]},{\"@type\":\"WebSite\",\"@id\":\"https:\/\/healthentia.com\/fr\/#website\",\"url\":\"https:\/\/healthentia.com\/fr\/\",\"name\":\"Healthentia\",\"description\":\"\",\"publisher\":{\"@id\":\"https:\/\/healthentia.com\/fr\/#organization\"},\"potentialAction\":[{\"@type\":\"SearchAction\",\"target\":{\"@type\":\"EntryPoint\",\"urlTemplate\":\"https:\/\/healthentia.com\/fr\/?s={search_term_string}\"},\"query-input\":{\"@type\":\"PropertyValueSpecification\",\"valueRequired\":true,\"valueName\":\"search_term_string\"}}],\"inLanguage\":\"fr-FR\"},{\"@type\":\"Organization\",\"@id\":\"https:\/\/healthentia.com\/fr\/#organization\",\"name\":\"Healthentia\",\"url\":\"https:\/\/healthentia.com\/fr\/\",\"logo\":{\"@type\":\"ImageObject\",\"inLanguage\":\"fr-FR\",\"@id\":\"https:\/\/healthentia.com\/fr\/#\/schema\/logo\/image\/\",\"url\":\"https:\/\/healthentia.com\/wp-content\/uploads\/2019\/01\/cropped-cropped-cropped-logo_healthentia_transp-e1740146374322.png\",\"contentUrl\":\"https:\/\/healthentia.com\/wp-content\/uploads\/2019\/01\/cropped-cropped-cropped-logo_healthentia_transp-e1740146374322.png\",\"width\":400,\"height\":82,\"caption\":\"Healthentia\"},\"image\":{\"@id\":\"https:\/\/healthentia.com\/fr\/#\/schema\/logo\/image\/\"}}]}<\/script>\n<!-- \/ Yoast SEO plugin. -->","yoast_head_json":{"title":"v3 Releases &amp; IFUs - Healthentia","description":"Explorez l\u2019historique des versions de la notice d\u2019utilisation (IFU) de Healthentia, dispositif m\u00e9dical de classe IIa selon la MDD v3, en d\u00e9taillant les mises \u00e0 jour de version de 2021 \u00e0 2025 \u2014 y compris les am\u00e9liorations logicielles, les int\u00e9grations de dispositifs, la disponibilit\u00e9 multilingue de l\u2019IFU, ainsi que les dates, afin de garantir une conformit\u00e9 r\u00e9glementaire rigoureuse.","robots":{"index":"index","follow":"follow","max-snippet":"max-snippet:-1","max-image-preview":"max-image-preview:large","max-video-preview":"max-video-preview:-1"},"canonical":"https:\/\/healthentia.com\/fr\/dispositif-medical-v3-classe-i-mdd\/v3-releases-ifus\/","og_locale":"fr_FR","og_type":"article","og_title":"v3 Releases &amp; IFUs - Healthentia","og_description":"Explorez l\u2019historique des versions de la notice d\u2019utilisation (IFU) de Healthentia, dispositif m\u00e9dical de classe IIa selon la MDD v3, en d\u00e9taillant les mises \u00e0 jour de version de 2021 \u00e0 2025 \u2014 y compris les am\u00e9liorations logicielles, les int\u00e9grations de dispositifs, la disponibilit\u00e9 multilingue de l\u2019IFU, ainsi que les dates, afin de garantir une conformit\u00e9 r\u00e9glementaire rigoureuse.","og_url":"https:\/\/healthentia.com\/fr\/dispositif-medical-v3-classe-i-mdd\/v3-releases-ifus\/","og_site_name":"Healthentia","article_modified_time":"2025-06-16T09:12:06+00:00","twitter_card":"summary_large_image","twitter_misc":{"Dur\u00e9e de lecture estim\u00e9e":"4 minutes"},"schema":{"@context":"https:\/\/schema.org","@graph":[{"@type":"WebPage","@id":"https:\/\/healthentia.com\/fr\/dispositif-medical-v3-classe-i-mdd\/v3-releases-ifus\/","url":"https:\/\/healthentia.com\/fr\/dispositif-medical-v3-classe-i-mdd\/v3-releases-ifus\/","name":"v3 Releases &amp; IFUs - Healthentia","isPartOf":{"@id":"https:\/\/healthentia.com\/fr\/#website"},"datePublished":"2023-04-18T13:22:50+00:00","dateModified":"2025-06-16T09:12:06+00:00","description":"Explorez l\u2019historique des versions de la notice d\u2019utilisation (IFU) de Healthentia, dispositif m\u00e9dical de classe IIa selon la MDD v3, en d\u00e9taillant les mises \u00e0 jour de version de 2021 \u00e0 2025 \u2014 y compris les am\u00e9liorations logicielles, les int\u00e9grations de dispositifs, la disponibilit\u00e9 multilingue de l\u2019IFU, ainsi que les dates, afin de garantir une conformit\u00e9 r\u00e9glementaire rigoureuse.","breadcrumb":{"@id":"https:\/\/healthentia.com\/fr\/dispositif-medical-v3-classe-i-mdd\/v3-releases-ifus\/#breadcrumb"},"inLanguage":"fr-FR","potentialAction":[{"@type":"ReadAction","target":["https:\/\/healthentia.com\/fr\/dispositif-medical-v3-classe-i-mdd\/v3-releases-ifus\/"]}]},{"@type":"BreadcrumbList","@id":"https:\/\/healthentia.com\/fr\/dispositif-medical-v3-classe-i-mdd\/v3-releases-ifus\/#breadcrumb","itemListElement":[{"@type":"ListItem","position":1,"name":"Home","item":"https:\/\/healthentia.com\/fr\/"},{"@type":"ListItem","position":2,"name":"Dispositif m\u00e9dical v3 Classe I MDD","item":"https:\/\/healthentia.com\/fr\/dispositif-medical-v3-classe-i-mdd\/"},{"@type":"ListItem","position":3,"name":"v3 Releases &amp; IFUs"}]},{"@type":"WebSite","@id":"https:\/\/healthentia.com\/fr\/#website","url":"https:\/\/healthentia.com\/fr\/","name":"Healthentia","description":"","publisher":{"@id":"https:\/\/healthentia.com\/fr\/#organization"},"potentialAction":[{"@type":"SearchAction","target":{"@type":"EntryPoint","urlTemplate":"https:\/\/healthentia.com\/fr\/?s={search_term_string}"},"query-input":{"@type":"PropertyValueSpecification","valueRequired":true,"valueName":"search_term_string"}}],"inLanguage":"fr-FR"},{"@type":"Organization","@id":"https:\/\/healthentia.com\/fr\/#organization","name":"Healthentia","url":"https:\/\/healthentia.com\/fr\/","logo":{"@type":"ImageObject","inLanguage":"fr-FR","@id":"https:\/\/healthentia.com\/fr\/#\/schema\/logo\/image\/","url":"https:\/\/healthentia.com\/wp-content\/uploads\/2019\/01\/cropped-cropped-cropped-logo_healthentia_transp-e1740146374322.png","contentUrl":"https:\/\/healthentia.com\/wp-content\/uploads\/2019\/01\/cropped-cropped-cropped-logo_healthentia_transp-e1740146374322.png","width":400,"height":82,"caption":"Healthentia"},"image":{"@id":"https:\/\/healthentia.com\/fr\/#\/schema\/logo\/image\/"}}]}},"jetpack_sharing_enabled":true,"_links":{"self":[{"href":"https:\/\/healthentia.com\/fr\/wp-json\/wp\/v2\/pages\/21847","targetHints":{"allow":["GET"]}}],"collection":[{"href":"https:\/\/healthentia.com\/fr\/wp-json\/wp\/v2\/pages"}],"about":[{"href":"https:\/\/healthentia.com\/fr\/wp-json\/wp\/v2\/types\/page"}],"author":[{"embeddable":true,"href":"https:\/\/healthentia.com\/fr\/wp-json\/wp\/v2\/users\/2"}],"replies":[{"embeddable":true,"href":"https:\/\/healthentia.com\/fr\/wp-json\/wp\/v2\/comments?post=21847"}],"version-history":[{"count":1,"href":"https:\/\/healthentia.com\/fr\/wp-json\/wp\/v2\/pages\/21847\/revisions"}],"predecessor-version":[{"id":22000,"href":"https:\/\/healthentia.com\/fr\/wp-json\/wp\/v2\/pages\/21847\/revisions\/22000"}],"up":[{"embeddable":true,"href":"https:\/\/healthentia.com\/fr\/wp-json\/wp\/v2\/pages\/21834"}],"wp:attachment":[{"href":"https:\/\/healthentia.com\/fr\/wp-json\/wp\/v2\/media?parent=21847"}],"curies":[{"name":"wp","href":"https:\/\/api.w.org\/{rel}","templated":true}]}}