{"id":21785,"date":"2017-08-31T09:32:09","date_gmt":"2017-08-31T09:32:09","guid":{"rendered":"https:\/\/healthentia.com\/accueil\/"},"modified":"2026-04-01T13:14:50","modified_gmt":"2026-04-01T13:14:50","slug":"accueil","status":"publish","type":"page","link":"https:\/\/healthentia.com\/fr\/","title":{"rendered":"Accueil"},"content":{"rendered":"<div class=\"vgblk-rw-wrapper limit-wrapper\">\n\n\t<strong>Confiance r\u00e9glementaire pour<br \/>\n<\/strong><strong>Meilleures d\u00e9cisions<\/strong><br \/>\n<strong>en mati\u00e8re de soins de sant\u00e9<\/strong>\n\t\t\t\t\t\t\t<img loading=\"lazy\" decoding=\"async\" src=\"https:\/\/healthentia.com\/wp-content\/uploads\/2025\/02\/EU-02-300x115.png\" alt=\"EU-02\" itemprop=\"image\" height=\"115\" width=\"300\" title=\"EU-02\" onerror=\"this.style.display='none'\"  sizes=\"auto, (max-width: 768px) 100vw, 100vw\" srcset=\"https:\/\/healthentia.com\/wp-content\/uploads\/2025\/02\/EU-02-300x115.png 300w, https:\/\/healthentia.com\/wp-content\/uploads\/2025\/02\/EU-02-630x242.png 630w, https:\/\/healthentia.com\/wp-content\/uploads\/2025\/02\/EU-02-420x161.png 420w, https:\/\/healthentia.com\/wp-content\/uploads\/2025\/02\/EU-02-315x121.png 315w, https:\/\/healthentia.com\/wp-content\/uploads\/2025\/02\/EU-02.png 800w\" \/>\t\t\t\t\t\t\t\n\t<h3><strong>Une intelligente approche pour le traitement des patients<\/strong><\/h3>\n<p>Les prestataires de soins de sant\u00e9 s&rsquo;appuient sur des outils pr\u00e9cis et valid\u00e9s cliniquement pour prendre des d\u00e9cisions \u00e9clair\u00e9es. Healthentia est certifi\u00e9 MDR par l&rsquo;UE, ce qui garantit que la collecte de donn\u00e9es en situation r\u00e9elle et la surveillance \u00e0 distance des patients r\u00e9pondent aux normes les plus strictes en mati\u00e8re de s\u00e9curit\u00e9 et de conformit\u00e9. <\/p>\n<p>Toute prise de d\u00e9cision dans le domaine des soins de sant\u00e9 doit s&rsquo;appuyer sur un dispositif m\u00e9dical certifi\u00e9, garantissant la pr\u00e9cision, la conformit\u00e9 et la confiance.<\/p>\n<p>&nbsp;<\/p>\n<p>Parce que chaque d\u00e9cision clinique devrait \u00eatre bas\u00e9e sur des donn\u00e9es fiables et certifi\u00e9es.<\/p>\n<h2>\n\tPourquoi Healthentia\n\t<\/h2>\n\t\t\t\t\t\t\t<img loading=\"lazy\" decoding=\"async\" src=\"https:\/\/healthentia.com\/wp-content\/uploads\/2025\/07\/SAMD_RPM-420x330.png\" alt=\"SAMD_RPM\" itemprop=\"image\" height=\"330\" width=\"420\" data-link-type=\"url\" title=\"SAMD_RPM\" onerror=\"this.style.display='none'\"  sizes=\"auto, (max-width: 768px) 100vw, 100vw\" srcset=\"https:\/\/healthentia.com\/wp-content\/uploads\/2025\/07\/SAMD_RPM-420x330.png 420w, https:\/\/healthentia.com\/wp-content\/uploads\/2025\/07\/SAMD_RPM-300x236.png 300w, https:\/\/healthentia.com\/wp-content\/uploads\/2025\/07\/SAMD_RPM-315x248.png 315w, https:\/\/healthentia.com\/wp-content\/uploads\/2025\/07\/SAMD_RPM.png 529w\" \/>\t\t\t\t\t\t\t\n\t\t<h2><strong>SaMD pour la surveillance \u00e0 distance des patients<\/strong><\/h2>\n<p>Healthentia est un dispositif m\u00e9dical logiciel certifi\u00e9 de classe IIa destin\u00e9 \u00e0 collecter, visualiser et calculer les param\u00e8tres physiologiques des patients pour faciliter le suivi et la prise de d\u00e9cision dans le cadre d&rsquo;un traitement m\u00e9dical. Il s&rsquo;agit d&rsquo;un logiciel destin\u00e9 \u00e0 \u00eatre utilis\u00e9 pour le diagnostic, la pr\u00e9vention, le suivi, la pr\u00e9diction ou le pronostic de la maladie.<\/p>\n<p>Les principales caract\u00e9ristiques sont les suivantes :<\/p>\n<ul>\n<li><strong>Surveillance en temps r\u00e9el et aide \u00e0 la d\u00e9cision<\/strong><\/li>\n<li><strong>Int\u00e9gration avec d&rsquo;autres dispositifs m\u00e9dicaux IoT<\/strong><\/li>\n<li><strong>Mise en \u00e9vidence de l&rsquo;\u00e9volution des param\u00e8tres physiologiques<\/strong><\/li>\n<li><strong>Coaching virtuel pour aider les patients \u00e0 modifier leur mode de vie<\/strong><\/li>\n<\/ul>\n\t\t\t<a href=\"https:\/\/healthentia.com\/samd-for-rpm-dtx\/?lang=fr\"  target=\"_blank\" rel=\"noopener\"    rel=\"noopener\">\n\t\t\t\t\t\t\tSaMD pour RPM\n\t\t\t<\/a>\n\t\t<h2><strong>SaMD comme dispositif de th\u00e9rapeutique num\u00e9rique<\/strong><\/h2>\n<p>Des programmes th\u00e9rapeutiques num\u00e9riques (DTx) pour favoriser le bien-\u00eatre et la gestion du mode de vie des patients atteints de maladies chroniques. Le mode de vie \u00e9tant la cause premi\u00e8re des maladies chroniques, Healthentia s&rsquo;appuie \u00e9galement sur le coaching virtuel pour favoriser les changements de comportement. <\/p>\n<p>Capacit\u00e9s cl\u00e9s :<\/p>\n<ul>\n<li><strong>Coaching virtuel personnalis\u00e9 pour le changement de comportement<\/strong><\/li>\n<li><strong>Gestion et engagement des patients<\/strong><\/li>\n<li><strong>Surveillance de la sant\u00e9 en temps r\u00e9el<\/strong><\/li>\n<li><strong>Ressources p\u00e9dagogiques<\/strong><\/li>\n<li><strong>T\u00e9l\u00e9consultation et visites virtuelles<\/strong><\/li>\n<\/ul>\n<p>&nbsp;<\/p>\n\t\t\t\t\t\t\t<img loading=\"lazy\" decoding=\"async\" src=\"https:\/\/healthentia.com\/wp-content\/uploads\/2025\/07\/SAMD-DTx-420x331.png\" alt=\"SAMD-DTx\" itemprop=\"image\" height=\"331\" width=\"420\" data-link-type=\"url\" title=\"SAMD-DTx\" onerror=\"this.style.display='none'\"  sizes=\"auto, (max-width: 768px) 100vw, 100vw\" srcset=\"https:\/\/healthentia.com\/wp-content\/uploads\/2025\/07\/SAMD-DTx-420x331.png 420w, https:\/\/healthentia.com\/wp-content\/uploads\/2025\/07\/SAMD-DTx-300x236.png 300w, https:\/\/healthentia.com\/wp-content\/uploads\/2025\/07\/SAMD-DTx-315x248.png 315w, https:\/\/healthentia.com\/wp-content\/uploads\/2025\/07\/SAMD-DTx.png 529w\" \/>\t\t\t\t\t\t\t\n\t\t\t<a href=\"https:\/\/healthentia.com\/samd-for-rpm-dtx\/?lang=fr\"  target=\"_blank\" rel=\"noopener\"    rel=\"noopener\">\n\t\t\t\t\t\t\tSaMD pour DTX\n\t\t\t<\/a>\n\t\t\t\t\t\t\t<img loading=\"lazy\" decoding=\"async\" src=\"https:\/\/healthentia.com\/wp-content\/uploads\/2025\/07\/ePRO-DCT-420x330.png\" alt=\"ePRO-DCT\" itemprop=\"image\" height=\"330\" width=\"420\" data-link-type=\"url\" title=\"ePRO-DCT\" onerror=\"this.style.display='none'\"  sizes=\"auto, (max-width: 768px) 100vw, 100vw\" srcset=\"https:\/\/healthentia.com\/wp-content\/uploads\/2025\/07\/ePRO-DCT-420x330.png 420w, https:\/\/healthentia.com\/wp-content\/uploads\/2025\/07\/ePRO-DCT-300x236.png 300w, https:\/\/healthentia.com\/wp-content\/uploads\/2025\/07\/ePRO-DCT-315x248.png 315w, https:\/\/healthentia.com\/wp-content\/uploads\/2025\/07\/ePRO-DCT.png 529w\" \/>\t\t\t\t\t\t\t\n\t\t<h2><strong>Renforcer la recherche &#8211; Essais cliniques d\u00e9centralis\u00e9s (ECD)<\/strong><\/h2>\n<p>Outre les caract\u00e9ristiques des dispositifs m\u00e9dicaux, Healthentia permet la r\u00e9alisation d&rsquo;ECD et d&rsquo;\u00e9tudes observationnelles, offrant ainsi un \u00e9cosyst\u00e8me num\u00e9rique complet pour am\u00e9liorer l&rsquo;efficacit\u00e9 de la recherche, en conformit\u00e9 avec les bonnes pratiques cliniques.<\/p>\n<p>Principales capacit\u00e9s de recherche :<\/p>\n<ul>\n<li><strong>Collecte de donn\u00e9es en temps r\u00e9el (PROMs\/PREMs, IoTs)<\/strong><\/li>\n<li><strong>Portail d&rsquo;\u00e9tude complet<\/strong><\/li>\n<li><strong>eConsentement et eRecrutement<\/strong><\/li>\n<li><strong>Gestion et analyse des \u00e9tudes<\/strong><\/li>\n<\/ul>\n<p>&nbsp;<\/p>\n\t\t\t<a href=\"https:\/\/healthentia.com\/epro-pour-les-ecd\/?lang=fr\"  target=\"_blank\" rel=\"noopener\"    rel=\"noopener\">\n\t\t\t\t\t\t\tePRO pour DTC\n\t\t\t<\/a>\n<h2>\n\tDomaines th\u00e9rapeutiques\n\t<\/h2>\n\t<p>Healthentia prend en charge toutes les maladies chroniques, avec des programmes d\u00e9di\u00e9s :<\/p>\n\t<p>&nbsp;<\/p>\n<p><a href=\"https:\/\/healthentia.com\/wp-content\/uploads\/2025\/02\/Healthensia-icons-01.svg\"><img loading=\"lazy\" decoding=\"async\" src=\"https:\/\/healthentia.com\/wp-content\/uploads\/2025\/02\/Healthensia-icons-01.svg\" alt=\"\" width=\"66\" height=\"66\"\/><\/a><\/p>\n<p>Maladies cardiovasculaires<\/p>\n\t<p>&nbsp;<\/p>\n<p><a href=\"https:\/\/healthentia.com\/wp-content\/uploads\/2025\/03\/Healthentia-icons-02.svg\"><img loading=\"lazy\" decoding=\"async\" src=\"https:\/\/healthentia.com\/wp-content\/uploads\/2025\/03\/Healthentia-icons-02.svg\" alt=\"\" width=\"74\" height=\"77\"\/><\/a><\/p>\n<p>BPCO<\/p>\n\t<p>&nbsp;<\/p>\n<p><img loading=\"lazy\" decoding=\"async\" src=\"https:\/\/healthentia.com\/wp-content\/uploads\/2025\/02\/Healthensia-icons-03.svg\" alt=\"\" width=\"70\" height=\"70\"\/><\/p>\n<p>Diab\u00e8te de type 2<\/p>\n\t<p>&nbsp;<\/p>\n<p><img loading=\"lazy\" decoding=\"async\" src=\"https:\/\/healthentia.com\/wp-content\/uploads\/2025\/02\/Healthensia-icons-04.svg\" alt=\"\" width=\"70\" height=\"70\"\/><\/p>\n<p>Oncologie<\/p>\n\t<p>Au-del\u00e0 de la gestion des maladies chroniques, Healthentia est une plateforme de confiance pour la recherche clinique, permettant la collecte de donn\u00e9es r\u00e9elles pour les soci\u00e9t\u00e9s pharmaceutiques, les organisations des sciences de la vie et les chercheurs universitaires.<\/p>\n\t<h2>Pour les prestataires de soins de sant\u00e9, les chercheurs et les patients.<\/h2>\n\t\t\t\t\t\t\t<img loading=\"lazy\" decoding=\"async\" src=\"https:\/\/healthentia.com\/wp-content\/uploads\/2022\/01\/Frame-22.png\" alt=\"Frame 22\" itemprop=\"image\" height=\"66\" width=\"67\" data-link-type=\"url\" title=\"Frame 22\" onerror=\"this.style.display='none'\" \/>\t\t\t\t\t\t\t\n<h3>M\u00e9decin certifi\u00e9<\/h3><p>Dispositif certifi\u00e9 de classe IIa conform\u00e9ment \u00e0 la r\u00e8gle 11 de l&rsquo;annexe VIII du r\u00e8glement relatif aux dispositifs m\u00e9dicaux (MDR) 2017\/745, tel que modifi\u00e9.<\/p>\n\t\t\t\t\t\t\t<img loading=\"lazy\" decoding=\"async\" src=\"https:\/\/healthentia.com\/wp-content\/uploads\/2022\/01\/icon11.png\" alt=\"icon11\" itemprop=\"image\" height=\"66\" width=\"67\" data-link-type=\"url\" title=\"icon11\" onerror=\"this.style.display='none'\" \/>\t\t\t\t\t\t\t\n<h3>Fonctionnalit\u00e9s avanc\u00e9es du RPM<\/h3><p>Suivi en temps r\u00e9el des mesures de votre patient \u00e0 partir de n&rsquo;importe quel appareil<\/p>\n\t\t\t\t\t\t\t<img loading=\"lazy\" decoding=\"async\" src=\"https:\/\/healthentia.com\/wp-content\/uploads\/2022\/01\/Frame-12.png\" alt=\"Frame 12\" itemprop=\"image\" height=\"68\" width=\"67\" data-link-type=\"url\" title=\"Frame 12\" onerror=\"this.style.display='none'\" \/>\t\t\t\t\t\t\t\n<h3>Collection RWD<\/h3><p>Tous les dispositifs Wearables et IoT peuvent \u00eatre int\u00e9gr\u00e9s gr\u00e2ce \u00e0 notre API RESTful.<\/p>\n\t\t\t\t\t\t\t<img loading=\"lazy\" decoding=\"async\" src=\"https:\/\/healthentia.com\/wp-content\/uploads\/2021\/12\/Group-232-1.png\" alt=\"Group 232\" itemprop=\"image\" height=\"67\" width=\"67\" data-link-type=\"url\" title=\"Group 232\" onerror=\"this.style.display='none'\" \/>\t\t\t\t\t\t\t\n<h3>Rapports et tendances BI<\/h3><p>Utilisation du Power-BI int\u00e9gr\u00e9 pour la visualisation et le traitement math\u00e9matique des donn\u00e9es (analyse des tendances, alertes) li\u00e9es aux param\u00e8tres physiologiques du sujet atteint d&rsquo;une maladie chronique.<\/p>\n\t\t\t\t\t\t\t<img loading=\"lazy\" decoding=\"async\" src=\"https:\/\/healthentia.com\/wp-content\/uploads\/2021\/12\/Group-228-1.png\" alt=\"Group 228\" itemprop=\"image\" height=\"67\" width=\"67\" data-link-type=\"url\" title=\"Group 228\" onerror=\"this.style.display='none'\" \/>\t\t\t\t\t\t\t\n<h3>Coaching comportemental<\/h3><p>Coaching comportemental et soutien lorsque vous en avez besoin, gr\u00e2ce \u00e0 des dialogues de cliniciens \u00e9tay\u00e9s par des donn\u00e9es scientifiques.<\/p>\n\t\t\t\t\t\t\t<img loading=\"lazy\" decoding=\"async\" src=\"https:\/\/healthentia.com\/wp-content\/uploads\/2022\/01\/Frame-15.png\" alt=\"Frame 15\" itemprop=\"image\" height=\"67\" width=\"67\" data-link-type=\"url\" title=\"Frame 15\" onerror=\"this.style.display='none'\" \/>\t\t\t\t\t\t\t\n<h3>Compatibilit\u00e9 HL7 et FIHR<\/h3><p>Healthentia est compatible avec HL7 et FIHR pour l&rsquo;int\u00e9gration des DSE   <\/p>\n\t<p><strong>Plus d&rsquo;informations ?  <\/strong><\/p>\n<p>Vous pouvez nous dire ce dont vous avez besoin et nous pouvons vous aider !<\/p>\n\t\t\t<a href=\"\"  target=\"_self\">\n\t\t\t\t\t\t\tContactez nous\n\t\t\t\t\t<\/a>\n<h2>\n\tIndustries\n\t<\/h2>\n\t<p>Les secteurs suivants ont des besoins communs. Healthentia vous permet d&rsquo;int\u00e9grer diff\u00e9rents types de flux de donn\u00e9es, de les rendre imm\u00e9diatement disponibles pour la recherche et de permettre un suivi \u00e9troit des patients. <\/p>\n\t<p><a href=\"https:\/\/healthentia.com\/fr\/pharma\/\">Pharma<\/a><\/p>\n\t<a href=\"https:\/\/healthentia.com\/fr\/organisations-de-sante\/\">Soins de sant\u00e9<br \/>\nOrganisations<\/a>\n\t<a href=\"https:\/\/healthentia.com\/fr\/systemes-de-sante-payeurs\/\">Syst\u00e8mes de sant\u00e9<br \/>\net payeurs<\/a>\n\t<p><a href=\"https:\/\/healthentia.com\/fr\/soins-a-domicile\/\">Soins \u00e0 domicile<\/a><\/p>\n<h2>\n\tT\u00e9moignages\n\t<\/h2>\n<h2>\n\tPerspectives\n\t<\/h2>\n\n<\/div><!-- .vgblk-rw-wrapper -->","protected":false},"excerpt":{"rendered":"<p>Confiance r\u00e9glementaire pour Meilleures d\u00e9cisions en mati\u00e8re de soins de sant\u00e9 Une intelligente approche pour le traitement des patients Les prestataires de soins de sant\u00e9 s&rsquo;appuient sur des outils pr\u00e9cis et valid\u00e9s cliniquement pour prendre des d\u00e9cisions \u00e9clair\u00e9es. Healthentia est certifi\u00e9 MDR par l&rsquo;UE, ce qui garantit que la collecte de donn\u00e9es en situation r\u00e9elle&#8230;<\/p>\n","protected":false},"author":1,"featured_media":0,"parent":0,"menu_order":0,"comment_status":"closed","ping_status":"closed","template":"","meta":{"footnotes":""},"class_list":["post-21785","page","type-page","status-publish","hentry"],"yoast_head":"<!-- This site is optimized with the Yoast SEO plugin v27.2 - https:\/\/yoast.com\/product\/yoast-seo-wordpress\/ -->\n<title>Accueil - Healthentia<\/title>\n<meta name=\"description\" content=\"Healthentia est un dispositif m\u00e9dical logiciel (SaMD) certifi\u00e9 par l&#039;UE, con\u00e7u pour aider les prestataires de soins de sant\u00e9 \u00e0 surveiller la sant\u00e9 des patients, \u00e0 suivre les donn\u00e9es du monde r\u00e9el et \u00e0 fournir un coaching virtuel personnalis\u00e9.\" \/>\n<meta name=\"robots\" content=\"index, follow, max-snippet:-1, max-image-preview:large, max-video-preview:-1\" \/>\n<link rel=\"canonical\" href=\"https:\/\/healthentia.com\/fr\/\" \/>\n<meta property=\"og:locale\" content=\"fr_FR\" \/>\n<meta property=\"og:type\" content=\"article\" \/>\n<meta property=\"og:title\" content=\"Accueil - Healthentia\" \/>\n<meta property=\"og:description\" content=\"Healthentia est un dispositif m\u00e9dical logiciel (SaMD) certifi\u00e9 par l&#039;UE, con\u00e7u pour aider les prestataires de soins de sant\u00e9 \u00e0 surveiller la sant\u00e9 des patients, \u00e0 suivre les donn\u00e9es du monde r\u00e9el et \u00e0 fournir un coaching virtuel personnalis\u00e9.\" \/>\n<meta property=\"og:url\" content=\"https:\/\/healthentia.com\/fr\/\" \/>\n<meta property=\"og:site_name\" content=\"Healthentia\" \/>\n<meta property=\"article:modified_time\" content=\"2026-04-01T13:14:50+00:00\" \/>\n<meta property=\"og:image\" content=\"https:\/\/healthentia.com\/wp-content\/uploads\/2025\/02\/EU-02-300x115.png\" \/>\n<meta name=\"twitter:card\" content=\"summary_large_image\" \/>\n<meta name=\"twitter:label1\" content=\"Dur\u00e9e de lecture estim\u00e9e\" \/>\n\t<meta name=\"twitter:data1\" content=\"6 minutes\" \/>\n<script type=\"application\/ld+json\" class=\"yoast-schema-graph\">{\"@context\":\"https:\/\/schema.org\",\"@graph\":[{\"@type\":\"WebPage\",\"@id\":\"https:\/\/healthentia.com\/fr\/\",\"url\":\"https:\/\/healthentia.com\/fr\/\",\"name\":\"Accueil - Healthentia\",\"isPartOf\":{\"@id\":\"https:\/\/healthentia.com\/fr\/#website\"},\"primaryImageOfPage\":{\"@id\":\"https:\/\/healthentia.com\/fr\/#primaryimage\"},\"image\":{\"@id\":\"https:\/\/healthentia.com\/fr\/#primaryimage\"},\"thumbnailUrl\":\"https:\/\/healthentia.com\/wp-content\/uploads\/2025\/02\/EU-02-300x115.png\",\"datePublished\":\"2017-08-31T09:32:09+00:00\",\"dateModified\":\"2026-04-01T13:14:50+00:00\",\"description\":\"Healthentia est un dispositif m\u00e9dical logiciel (SaMD) certifi\u00e9 par l'UE, con\u00e7u pour aider les prestataires de soins de sant\u00e9 \u00e0 surveiller la sant\u00e9 des patients, \u00e0 suivre les donn\u00e9es du monde r\u00e9el et \u00e0 fournir un coaching virtuel personnalis\u00e9.\",\"breadcrumb\":{\"@id\":\"https:\/\/healthentia.com\/fr\/#breadcrumb\"},\"inLanguage\":\"fr-FR\",\"potentialAction\":[{\"@type\":\"ReadAction\",\"target\":[\"https:\/\/healthentia.com\/fr\/\"]}]},{\"@type\":\"ImageObject\",\"inLanguage\":\"fr-FR\",\"@id\":\"https:\/\/healthentia.com\/fr\/#primaryimage\",\"url\":\"https:\/\/healthentia.com\/wp-content\/uploads\/2025\/02\/EU-02-300x115.png\",\"contentUrl\":\"https:\/\/healthentia.com\/wp-content\/uploads\/2025\/02\/EU-02-300x115.png\"},{\"@type\":\"BreadcrumbList\",\"@id\":\"https:\/\/healthentia.com\/fr\/#breadcrumb\",\"itemListElement\":[{\"@type\":\"ListItem\",\"position\":1,\"name\":\"Home\",\"item\":\"https:\/\/healthentia.com\/fr\/\"},{\"@type\":\"ListItem\",\"position\":2,\"name\":\"Accueil\"}]},{\"@type\":\"WebSite\",\"@id\":\"https:\/\/healthentia.com\/fr\/#website\",\"url\":\"https:\/\/healthentia.com\/fr\/\",\"name\":\"Healthentia\",\"description\":\"\",\"publisher\":{\"@id\":\"https:\/\/healthentia.com\/fr\/#organization\"},\"potentialAction\":[{\"@type\":\"SearchAction\",\"target\":{\"@type\":\"EntryPoint\",\"urlTemplate\":\"https:\/\/healthentia.com\/fr\/?s={search_term_string}\"},\"query-input\":{\"@type\":\"PropertyValueSpecification\",\"valueRequired\":true,\"valueName\":\"search_term_string\"}}],\"inLanguage\":\"fr-FR\"},{\"@type\":\"Organization\",\"@id\":\"https:\/\/healthentia.com\/fr\/#organization\",\"name\":\"Healthentia\",\"url\":\"https:\/\/healthentia.com\/fr\/\",\"logo\":{\"@type\":\"ImageObject\",\"inLanguage\":\"fr-FR\",\"@id\":\"https:\/\/healthentia.com\/fr\/#\/schema\/logo\/image\/\",\"url\":\"https:\/\/healthentia.com\/wp-content\/uploads\/2019\/01\/cropped-cropped-cropped-logo_healthentia_transp-e1740146374322.png\",\"contentUrl\":\"https:\/\/healthentia.com\/wp-content\/uploads\/2019\/01\/cropped-cropped-cropped-logo_healthentia_transp-e1740146374322.png\",\"width\":400,\"height\":82,\"caption\":\"Healthentia\"},\"image\":{\"@id\":\"https:\/\/healthentia.com\/fr\/#\/schema\/logo\/image\/\"}}]}<\/script>\n<!-- \/ Yoast SEO plugin. -->","yoast_head_json":{"title":"Accueil - Healthentia","description":"Healthentia est un dispositif m\u00e9dical logiciel (SaMD) certifi\u00e9 par l'UE, con\u00e7u pour aider les prestataires de soins de sant\u00e9 \u00e0 surveiller la sant\u00e9 des patients, \u00e0 suivre les donn\u00e9es du monde r\u00e9el et \u00e0 fournir un coaching virtuel personnalis\u00e9.","robots":{"index":"index","follow":"follow","max-snippet":"max-snippet:-1","max-image-preview":"max-image-preview:large","max-video-preview":"max-video-preview:-1"},"canonical":"https:\/\/healthentia.com\/fr\/","og_locale":"fr_FR","og_type":"article","og_title":"Accueil - Healthentia","og_description":"Healthentia est un dispositif m\u00e9dical logiciel (SaMD) certifi\u00e9 par l'UE, con\u00e7u pour aider les prestataires de soins de sant\u00e9 \u00e0 surveiller la sant\u00e9 des patients, \u00e0 suivre les donn\u00e9es du monde r\u00e9el et \u00e0 fournir un coaching virtuel personnalis\u00e9.","og_url":"https:\/\/healthentia.com\/fr\/","og_site_name":"Healthentia","article_modified_time":"2026-04-01T13:14:50+00:00","og_image":[{"url":"https:\/\/healthentia.com\/wp-content\/uploads\/2025\/02\/EU-02-300x115.png","type":"","width":"","height":""}],"twitter_card":"summary_large_image","twitter_misc":{"Dur\u00e9e de lecture estim\u00e9e":"6 minutes"},"schema":{"@context":"https:\/\/schema.org","@graph":[{"@type":"WebPage","@id":"https:\/\/healthentia.com\/fr\/","url":"https:\/\/healthentia.com\/fr\/","name":"Accueil - Healthentia","isPartOf":{"@id":"https:\/\/healthentia.com\/fr\/#website"},"primaryImageOfPage":{"@id":"https:\/\/healthentia.com\/fr\/#primaryimage"},"image":{"@id":"https:\/\/healthentia.com\/fr\/#primaryimage"},"thumbnailUrl":"https:\/\/healthentia.com\/wp-content\/uploads\/2025\/02\/EU-02-300x115.png","datePublished":"2017-08-31T09:32:09+00:00","dateModified":"2026-04-01T13:14:50+00:00","description":"Healthentia est un dispositif m\u00e9dical logiciel (SaMD) certifi\u00e9 par l'UE, con\u00e7u pour aider les prestataires de soins de sant\u00e9 \u00e0 surveiller la sant\u00e9 des patients, \u00e0 suivre les donn\u00e9es du monde r\u00e9el et \u00e0 fournir un coaching virtuel personnalis\u00e9.","breadcrumb":{"@id":"https:\/\/healthentia.com\/fr\/#breadcrumb"},"inLanguage":"fr-FR","potentialAction":[{"@type":"ReadAction","target":["https:\/\/healthentia.com\/fr\/"]}]},{"@type":"ImageObject","inLanguage":"fr-FR","@id":"https:\/\/healthentia.com\/fr\/#primaryimage","url":"https:\/\/healthentia.com\/wp-content\/uploads\/2025\/02\/EU-02-300x115.png","contentUrl":"https:\/\/healthentia.com\/wp-content\/uploads\/2025\/02\/EU-02-300x115.png"},{"@type":"BreadcrumbList","@id":"https:\/\/healthentia.com\/fr\/#breadcrumb","itemListElement":[{"@type":"ListItem","position":1,"name":"Home","item":"https:\/\/healthentia.com\/fr\/"},{"@type":"ListItem","position":2,"name":"Accueil"}]},{"@type":"WebSite","@id":"https:\/\/healthentia.com\/fr\/#website","url":"https:\/\/healthentia.com\/fr\/","name":"Healthentia","description":"","publisher":{"@id":"https:\/\/healthentia.com\/fr\/#organization"},"potentialAction":[{"@type":"SearchAction","target":{"@type":"EntryPoint","urlTemplate":"https:\/\/healthentia.com\/fr\/?s={search_term_string}"},"query-input":{"@type":"PropertyValueSpecification","valueRequired":true,"valueName":"search_term_string"}}],"inLanguage":"fr-FR"},{"@type":"Organization","@id":"https:\/\/healthentia.com\/fr\/#organization","name":"Healthentia","url":"https:\/\/healthentia.com\/fr\/","logo":{"@type":"ImageObject","inLanguage":"fr-FR","@id":"https:\/\/healthentia.com\/fr\/#\/schema\/logo\/image\/","url":"https:\/\/healthentia.com\/wp-content\/uploads\/2019\/01\/cropped-cropped-cropped-logo_healthentia_transp-e1740146374322.png","contentUrl":"https:\/\/healthentia.com\/wp-content\/uploads\/2019\/01\/cropped-cropped-cropped-logo_healthentia_transp-e1740146374322.png","width":400,"height":82,"caption":"Healthentia"},"image":{"@id":"https:\/\/healthentia.com\/fr\/#\/schema\/logo\/image\/"}}]}},"jetpack_sharing_enabled":true,"_links":{"self":[{"href":"https:\/\/healthentia.com\/fr\/wp-json\/wp\/v2\/pages\/21785","targetHints":{"allow":["GET"]}}],"collection":[{"href":"https:\/\/healthentia.com\/fr\/wp-json\/wp\/v2\/pages"}],"about":[{"href":"https:\/\/healthentia.com\/fr\/wp-json\/wp\/v2\/types\/page"}],"author":[{"embeddable":true,"href":"https:\/\/healthentia.com\/fr\/wp-json\/wp\/v2\/users\/1"}],"replies":[{"embeddable":true,"href":"https:\/\/healthentia.com\/fr\/wp-json\/wp\/v2\/comments?post=21785"}],"version-history":[{"count":3,"href":"https:\/\/healthentia.com\/fr\/wp-json\/wp\/v2\/pages\/21785\/revisions"}],"predecessor-version":[{"id":22965,"href":"https:\/\/healthentia.com\/fr\/wp-json\/wp\/v2\/pages\/21785\/revisions\/22965"}],"wp:attachment":[{"href":"https:\/\/healthentia.com\/fr\/wp-json\/wp\/v2\/media?parent=21785"}],"curies":[{"name":"wp","href":"https:\/\/api.w.org\/{rel}","templated":true}]}}